{"id":20457,"date":"2023-05-05T21:36:14","date_gmt":"2023-05-05T21:36:14","guid":{"rendered":"https:\/\/www.killerbeerc.com\/?post_type=product&#038;p=20457"},"modified":"2024-09-04T13:43:57","modified_gmt":"2024-09-04T13:43:57","slug":"killerbee-fx3-super-hornet","status":"publish","type":"product","link":"https:\/\/killerbeerc.com\/nl\/product\/killerbee-fx3-super-hornet\/","title":{"rendered":"Killerbee FX3 Super Hornet"},"content":{"rendered":"\t\t<div data-elementor-type=\"product-post\" data-elementor-id=\"20457\" class=\"elementor elementor-20457\" data-elementor-post-type=\"product\">\n\t\t\t\t\t\t<section class=\"elementor-section elementor-top-section elementor-element elementor-element-458d1467 elementor-section-boxed elementor-section-height-default elementor-section-height-default sc_fly_static\" data-id=\"458d1467\" data-element_type=\"section\">\n\t\t\t\t\t\t<div class=\"elementor-container elementor-column-gap-extended\">\n\t\t\t\t\t<div class=\"elementor-column elementor-col-100 elementor-top-column elementor-element elementor-element-2335ea4f sc_content_align_inherit sc_layouts_column_icons_position_left sc_fly_static\" data-id=\"2335ea4f\" data-element_type=\"column\">\n\t\t\t<div class=\"elementor-widget-wrap elementor-element-populated\">\n\t\t\t\t\t\t<div class=\"elementor-element elementor-element-70814de3 sc_fly_static elementor-widget elementor-widget-text-editor\" data-id=\"70814de3\" data-element_type=\"widget\" data-widget_type=\"text-editor.default\">\n\t\t\t\t<div class=\"elementor-widget-container\">\n\t\t\t\t\t\t\t\t\t<section class=\"slot slot--description slot--seperated slot--seperated--has-more-content js_slot-description\" data-group-name=\"ProductDescription\" data-bltgg=\"q--LHbGuKfPszvszTbpF5g.2_37\"><div data-test=\"product-description\" data-bltgi=\"q--LHbGuKfPszvszTbpF5g.2_37.38\"><div class=\"js_show-more-description show-more active\"><div class=\"js_show-more-holder show-more-holder show-more--l product-tracklists-show-more--animate\"><div class=\"js_description_content js_show-more-content\"><div class=\"product-description\" data-test=\"description\"><strong>Voor zowel kinderen als volwassenen<\/strong><\/div><div class=\"product-description\" data-test=\"description\">De FX3 Super Hornet is uitermate geschikt voor zowel kinderen en volwassenen om kennis te maken met het vliegen met drones. De drone is\u00a0<strong>zeer eenvoudig\u00a0<\/strong>in gebruik. De optical flow sensor en de obstakelontwijking maken het de ideale drone om kennis te maken met het vliegen met drones.<\/div><\/div><\/div><\/div><\/div><div data-test=\"description\">\u00a0<\/div><div data-test=\"description\"><strong style=\"font-size: 1rem; letter-spacing: 0.1px;\">Geen vliegbewijs nodig!<\/strong><\/div><\/section><section class=\"slot slot--description slot--seperated slot--seperated--has-more-content js_slot-description\" data-group-name=\"ProductDescription\" data-bltgg=\"q--LHbGuKfPszvszTbpF5g.2_37\"><div data-test=\"product-description\" data-bltgi=\"q--LHbGuKfPszvszTbpF5g.2_37.38\"><div class=\"js_show-more-description show-more active\"><div class=\"js_show-more-holder show-more-holder show-more--l product-tracklists-show-more--animate\"><div class=\"js_description_content js_show-more-content\"><div class=\"product-description\" data-test=\"description\">Met een gewicht van 117 gram is er voor de FX3 Super Hornet geen vliegbewijs nodig. Uitpakken en meteen kennis maken met de magische wereld van de Killerbee drones!<\/div><div data-test=\"description\">\u00a0<\/div><div class=\"product-description\" data-test=\"description\"><strong>Dubbele kantelbare camera met live beeld op jouw telefoon!<\/strong><\/div><div class=\"product-description\" data-test=\"description\">De Killerbee FX3 Super Hornet beschikt over een dubbele camera. E\u00e9n aan de voorzijde en \u00e9\u00e9n aan de onderkant van de drone. Tijdens het vliegen geeft de drone\u00a0<strong>live beeld<\/strong>\u00a0naar jouw telefoon. Tijdens het vliegen is het mogelijk om de camera aan de voorkant\u00a0<strong>90 gaden te kantelen<\/strong>\u00a0en te switchen naar de camera aan de onderzijde.<\/div><div data-test=\"description\">\u00a0<\/div><div class=\"product-description\" data-test=\"description\"><strong>Obstakelontwijking<\/strong><\/div><div class=\"product-description\" data-test=\"description\">De obstakelontwijking zorgt ervoor dat de drone tijdens het vliegen remt bij het detecteren van een obstakel. Hierdoor zal de FX3\u00a0<strong>minder snel botsen<\/strong>, wat uiteindeijk schade aan de drone voorkomt. De FX3 beschikt over een\u00a0<strong>nieuwe chip\u00a0<\/strong>waarbij de obstakelontwijking uit te zetten is. Hierdoor is de drone ook te gebruiken zonder obstakelontwijking in bijvoorbeeld smalle binnen ruimtes.<\/div><div data-test=\"description\">\u00a0<\/div><div class=\"product-description\" data-test=\"description\"><strong>Optical flow sensor<\/strong><\/div><div class=\"product-description\" data-test=\"description\">De FX3 Super Hornet heeft een opticall flow sensor. Deze optical flow sensor detecteert de beweging van de drone ten opzichte van de grond, wat ervoor zorgt dat de drone beter op zijn plek blijft. Zelfs bij lichte wind en andere verstoringen. Dit maakt het\u00a0<strong>gemakkelijker voor beginners\u00a0<\/strong>om te leren vliegen omdat minder correcties nodig zijn.<\/div><div data-test=\"description\">\u00a0<\/div><div class=\"product-description\" data-test=\"description\"><strong>Gratis Killerbee RC Video cursus<\/strong><\/div><div class=\"product-description\" data-test=\"description\">Wij willen dat jij het beste uit je vliegervaring haalt. Daarom krijg je bij de aanschaf van een Killlebee drone een unieke vouchercode voor onze simpele en praktische online video cursus. Binnen slechts 10 minuten leer je de basisbeginselen van het besturen van je drone, zodat je direct kunt beginnen met vliegen en je vaardigheden snel kunt verbeteren. Op deze manier ondek jij de facinerende wereld van het drone vliegen zonder een handleiding te hoeven lezen!<\/div><div data-test=\"description\">\u00a0<\/div><div class=\"product-description\" data-test=\"description\"><p><strong>Overige opties<\/strong><\/p><ul><li>360 graden stunts<\/li><li>Twee verschillende snelheid modi<\/li><\/ul><p><span style=\"font-size: 1rem; letter-spacing: 0.1px;\">De Killerbee FX3 Super Hornet drone is de ideale keuze voor iedereen die op zoek is naar een betaalbare en hoogwaardige drone met geavanceerde functies en gebruiksgemak.<\/span><\/p><\/div><\/div><\/div><div class=\"show-more__fade js_show-more-button\">\u00a0<\/div><\/div><\/div><\/section><section class=\"slot slot--seperated slot--seperated--has-more-content js_slot-specifications\" data-group-name=\"ProductSpecification\" data-bltgg=\"q--LHbGuKfPszvszTbpF5g.2_39\"><div class=\"js-specification-slot\" data-test=\"specifications\" data-bltgi=\"q--LHbGuKfPszvszTbpF5g.2_39.40\">\u00a0<\/div><\/section>\t\t\t\t\t\t\t\t<\/div>\n\t\t\t\t<\/div>\n\t\t\t\t\t<\/div>\n\t\t<\/div>\n\t\t\t\t\t<\/div>\n\t\t<\/section>\n\t\t\t\t<\/div>\n\t\t","protected":false},"excerpt":{"rendered":"<p>Maak kennis met de Killerbee FX3 Super Hornet drone. Dit is de perfecte keuze voor zowel\u00a0<strong>kinderen<\/strong>\u00a0als\u00a0<strong>volwassenen<\/strong>\u00a0die op zoek zijn naar een veelzijdige\u00a0<strong>gebruiksvriendelijke<\/strong>\u00a0drone. De drone beschikt over een\u00a0<strong>dubbele camera\u00a0<\/strong>waardoor jij vanuit verschillende hoeken prachtige foto\u2019s en video\u2019s kan maken. De\u00a0<strong>optical flow sensor<\/strong>\u00a0zorgt ervoor dat de drone stukken stabieler vliegt en minder correcties nodig heeft. Daarnaast heeft de drone\u00a0<strong>obstakelontwijking<\/strong>\u00a0waardoor de kans op botsen met de drone stukken kleiner is. De drone heeft een vliegtijd van 11 minuten per batterij. En deze drone wordt standaard met twee batterijen geleverd, wat goed is voor 22 minuten vliegplezier! Er zijn ook varianten met meerdere batterijen beschikbaar.<\/p>\n","protected":false},"featured_media":20966,"comment_status":"closed","ping_status":"closed","template":"","meta":[],"product_cat":[74,178],"product_tag":[237,235,236],"class_list":{"0":"post-20457","1":"product","2":"type-product","3":"status-publish","4":"has-post-thumbnail","6":"product_cat-drones","7":"product_cat-drones-single","8":"product_tag-fx-series","9":"product_tag-obstakelontwijking","10":"product_tag-opticalflow","11":"product_shipping_class-pakketpost","13":"first","14":"outofstock","15":"taxable","16":"shipping-taxable","17":"purchasable","18":"product-type-simple"},"jetpack_sharing_enabled":true,"_links":{"self":[{"href":"https:\/\/killerbeerc.com\/nl\/wp-json\/wp\/v2\/product\/20457","targetHints":{"allow":["GET"]}}],"collection":[{"href":"https:\/\/killerbeerc.com\/nl\/wp-json\/wp\/v2\/product"}],"about":[{"href":"https:\/\/killerbeerc.com\/nl\/wp-json\/wp\/v2\/types\/product"}],"replies":[{"embeddable":true,"href":"https:\/\/killerbeerc.com\/nl\/wp-json\/wp\/v2\/comments?post=20457"}],"version-history":[{"count":13,"href":"https:\/\/killerbeerc.com\/nl\/wp-json\/wp\/v2\/product\/20457\/revisions"}],"predecessor-version":[{"id":22313,"href":"https:\/\/killerbeerc.com\/nl\/wp-json\/wp\/v2\/product\/20457\/revisions\/22313"}],"wp:featuredmedia":[{"embeddable":true,"href":"https:\/\/killerbeerc.com\/nl\/wp-json\/wp\/v2\/media\/20966"}],"wp:attachment":[{"href":"https:\/\/killerbeerc.com\/nl\/wp-json\/wp\/v2\/media?parent=20457"}],"wp:term":[{"taxonomy":"product_cat","embeddable":true,"href":"https:\/\/killerbeerc.com\/nl\/wp-json\/wp\/v2\/product_cat?post=20457"},{"taxonomy":"product_tag","embeddable":true,"href":"https:\/\/killerbeerc.com\/nl\/wp-json\/wp\/v2\/product_tag?post=20457"}],"curies":[{"name":"wp","href":"https:\/\/api.w.org\/{rel}","templated":true}]}}