{"id":20447,"date":"2023-05-05T21:23:59","date_gmt":"2023-05-05T21:23:59","guid":{"rendered":"https:\/\/www.killerbeerc.com\/?post_type=product&#038;p=20447"},"modified":"2023-06-05T20:28:02","modified_gmt":"2023-06-05T20:28:02","slug":"killerbee-fx2-nighthawk-fly-more-combo","status":"publish","type":"product","link":"https:\/\/killerbeerc.com\/nl\/product\/killerbee-fx2-nighthawk-fly-more-combo\/","title":{"rendered":"Killerbee FX2 Nighthawk Fly More Combo"},"content":{"rendered":"<p><strong>Voor zowel kinderen als volwassenen<\/strong><br \/>\nDe FX2 Nighthawk is uitermate geschikt voor zowel kinderen en volwassenen om kennis te maken met het vliegen met drones. De drone is\u00a0<strong>zeer eenvoudig\u00a0<\/strong>in gebruik. De optical flow sensor en de obstakelontwijking maken het de ideale drone om kennis te maken met het vliegen met drones.<\/p>\n<p><strong>Geen vliegbewijs nodig!<\/strong><br \/>\nMet een gewicht van 124 gram is er voor de FX2 Nighthawk geen vliegbewijs nodig. Uitpakken en meteen kennis maken met de magische wereld van de Killerbee drones!<\/p>\n<p><strong>Dubbele kantelbare camera met live beeld op jouw telefoon!<\/strong><br \/>\nDe Killerbee FX2 Nighthawk beschikt over een dubbele camera. E\u00e9n aan de voorzijde en \u00e9\u00e9n aan de onderkant van de drone. Tijdens het vliegen geeft de drone\u00a0<strong>live beeld<\/strong>\u00a0naar jouw telefoon. Tijdens het vliegen is het mogelijk om de camera aan de voorkant\u00a0<strong>90 gaden te kantelen<\/strong>\u00a0en te switchen naar de camera aan de onderzijde.<\/p>\n<p><strong>Obstakelontwijking<\/strong><br \/>\nDe obstakelontwijking zorgt ervoor dat de drone tijdens het vliegen remt bij het detecteren van een obstakel. Hierdoor zal de FX2\u00a0<strong>minder snel botsen<\/strong>, wat uiteindeijk schade aan de drone voorkomt. De FX2 beschikt over een\u00a0<strong>nieuwe chip\u00a0<\/strong>waarbij de obstakelontwijking uit te zetten is. Hierdoor is de drone ook te gebruiken zonder obstakelontwijking in bijvoorbeeld smalle binnen ruimtes.<\/p>\n<p><strong>Optical flow sensor<\/strong><br \/>\nDe FX2 Nighthawk heeft een opticall flow sensor. Deze optical flow sensor detecteert de beweging van de drone ten opzichte van de grond, wat ervoor zorgt dat de drone beter op zijn plek blijft. Zelfs bij lichte wind en andere verstoringen. Dit maakt het\u00a0<strong>gemakkelijker voor beginners\u00a0<\/strong>om te leren vliegen omdat minder correcties nodig zijn.<\/p>\n<p><strong>Gratis Killerbee RC Video cursus<\/strong><br \/>\nWij willen dat jij het beste uit je vliegervaring haalt. Daarom krijg je bij de aanschaf van een Killlebee drone een unieke vouchercode voor onze simpele en praktische online video cursus. Binnen slechts 10 minuten leer je de basisbeginselen van het besturen van je drone, zodat je direct kunt beginnen met vliegen en je vaardigheden snel kunt verbeteren. Op deze manier ondek jij de facinerende wereld van het drone vliegen zonder een handleiding te hoeven lezen!<\/p>\n<p><strong>Overige opties<\/strong><\/p>\n<ul>\n<li>360 graden stunts<\/li>\n<li>Twee verschillende snelheid modi<\/li>\n<\/ul>\n<p>De Killerbee FX2 Nighthawk drone is de ideale keuze voor iedereen die op zoek is naar een betaalbare en hoogwaardige drone met geavanceerde functies en gebruiksgemak.<\/p>\n","protected":false},"excerpt":{"rendered":"<p>Maak kennis met de Killerbee FX2 Nighthawk drone. Dit is de perfecte keuze voor zowel\u00a0<strong>kinderen<\/strong>\u00a0als\u00a0<strong>volwassenen<\/strong>\u00a0die op zoek zijn naar een veelzijdige\u00a0<strong>gebruiksvriendelijke<\/strong>\u00a0drone. De drone beschikt over een\u00a0<strong>dubbele camera\u00a0<\/strong>waardoor jij vanuit verschillende hoeken prachtige foto\u2019s en video\u2019s kan maken. De camera aan de voorkant van de drone heeft een\u00a0<strong>gimball<\/strong>\u00a0die je op afstand\u00a0<strong>90 graden kan kantelen<\/strong>. De\u00a0<strong>optical flow sensor<\/strong>\u00a0zorgt ervoor dat de drone stukken stabieler vliegt en minder correcties nodig heeft. Daarnaast heeft de drone\u00a0<strong>obstakelontwijking<\/strong>\u00a0waardoor de kans op botsen met de drone stukken kleiner is. De drone heeft een vliegtijd van 11 minuten. De drone is beschikbaar in verschillende opties qua batterij aantallen. Deze variant wordt geleverd met 3 batterijen. Wat goed is voor <strong>33\u00a0minuten<\/strong> <strong>vliegtijd!<\/strong><\/p>\n","protected":false},"featured_media":20726,"comment_status":"closed","ping_status":"closed","template":"","meta":[],"product_cat":[74,179],"product_tag":[237,235,236],"class_list":{"0":"post-20447","1":"product","2":"type-product","3":"status-publish","4":"has-post-thumbnail","6":"product_cat-drones","7":"product_cat-fly-more-combo","8":"product_tag-fx-series","9":"product_tag-obstakelontwijking","10":"product_tag-opticalflow","11":"product_shipping_class-pakketpost","13":"first","14":"instock","15":"taxable","16":"shipping-taxable","17":"purchasable","18":"product-type-simple"},"jetpack_sharing_enabled":true,"_links":{"self":[{"href":"https:\/\/killerbeerc.com\/nl\/wp-json\/wp\/v2\/product\/20447","targetHints":{"allow":["GET"]}}],"collection":[{"href":"https:\/\/killerbeerc.com\/nl\/wp-json\/wp\/v2\/product"}],"about":[{"href":"https:\/\/killerbeerc.com\/nl\/wp-json\/wp\/v2\/types\/product"}],"replies":[{"embeddable":true,"href":"https:\/\/killerbeerc.com\/nl\/wp-json\/wp\/v2\/comments?post=20447"}],"version-history":[{"count":3,"href":"https:\/\/killerbeerc.com\/nl\/wp-json\/wp\/v2\/product\/20447\/revisions"}],"predecessor-version":[{"id":20835,"href":"https:\/\/killerbeerc.com\/nl\/wp-json\/wp\/v2\/product\/20447\/revisions\/20835"}],"wp:featuredmedia":[{"embeddable":true,"href":"https:\/\/killerbeerc.com\/nl\/wp-json\/wp\/v2\/media\/20726"}],"wp:attachment":[{"href":"https:\/\/killerbeerc.com\/nl\/wp-json\/wp\/v2\/media?parent=20447"}],"wp:term":[{"taxonomy":"product_cat","embeddable":true,"href":"https:\/\/killerbeerc.com\/nl\/wp-json\/wp\/v2\/product_cat?post=20447"},{"taxonomy":"product_tag","embeddable":true,"href":"https:\/\/killerbeerc.com\/nl\/wp-json\/wp\/v2\/product_tag?post=20447"}],"curies":[{"name":"wp","href":"https:\/\/api.w.org\/{rel}","templated":true}]}}