{"id":20436,"date":"2023-05-05T21:06:35","date_gmt":"2023-05-05T21:06:35","guid":{"rendered":"https:\/\/www.killerbeerc.com\/?post_type=product&#038;p=20436"},"modified":"2023-06-05T20:28:42","modified_gmt":"2023-06-05T20:28:42","slug":"killerbee-fx1-maverick-ultra-fly-more-combo","status":"publish","type":"product","link":"https:\/\/killerbeerc.com\/nl\/product\/killerbee-fx1-maverick-ultra-fly-more-combo\/","title":{"rendered":"Killerbee FX1 Maverick Ultra Fly More Combo"},"content":{"rendered":"\t\t<div data-elementor-type=\"product-post\" data-elementor-id=\"20436\" class=\"elementor elementor-20436\" data-elementor-post-type=\"product\">\n\t\t\t\t\t\t<section class=\"elementor-section elementor-top-section elementor-element elementor-element-303024e3 elementor-section-boxed elementor-section-height-default elementor-section-height-default sc_fly_static\" data-id=\"303024e3\" data-element_type=\"section\">\n\t\t\t\t\t\t<div class=\"elementor-container elementor-column-gap-extended\">\n\t\t\t\t\t<div class=\"elementor-column elementor-col-100 elementor-top-column elementor-element elementor-element-5b51cb72 sc_content_align_inherit sc_layouts_column_icons_position_left sc_fly_static\" data-id=\"5b51cb72\" data-element_type=\"column\">\n\t\t\t<div class=\"elementor-widget-wrap elementor-element-populated\">\n\t\t\t\t\t\t<div class=\"elementor-element elementor-element-2f21ccbb sc_fly_static elementor-widget elementor-widget-text-editor\" data-id=\"2f21ccbb\" data-element_type=\"widget\" data-widget_type=\"text-editor.default\">\n\t\t\t\t<div class=\"elementor-widget-container\">\n\t\t\t\t\t\t\t\t\t<p><strong>Voor zowel kinderen als volwassenen<\/strong><br \/>De FX1 Maverick is uitermate geschikt voor zowel kinderen en volwassenen om kennis te maken met het vliegen met drones. De drone is <strong>zeer eenvoudig <\/strong>in gebruik. De optical flow sensor en de obstakelontwijking maken het de ideale drone om kennis te maken met het vliegen met drones.<\/p><p><strong>Geen vliegbewijs nodig!<\/strong><br \/>Met een gewicht van 116 gram is er voor de FX1 Maverick geen vliegbewijs nodig. Uitpakken en meteen kennis maken met de magische wereld van de Killerbee drones!<\/p><p><strong>Dubbele kantelbare camera met live beeld op jouw telefoon!<\/strong><br \/>De Killerbee FX1 Maverick beschikt over een dubbele camera. E\u00e9n aan de voorzijde en \u00e9\u00e9n aan de onderkant van de drone. Tijdens het vliegen geeft de drone <strong>live beeld<\/strong> naar jouw telefoon. Tijdens het vliegen is het mogelijk om de camera aan de voorkant <strong>90 gaden te kantelen<\/strong> en te switchen naar de camera aan de onderzijde.<\/p><p><strong>Obstakelontwijking<\/strong><br \/>De obstakelontwijking zorgt ervoor dat de drone tijdens het vliegen remt bij het detecteren van een obstakel. Hierdoor zal de FX1 <strong>minder snel botsen<\/strong>, wat uiteindeijk schade aan de drone voorkomt. De FX1 beschikt over een <strong>nieuwe chip <\/strong>waarbij de obstakelontwijking uit te zetten is. Hierdoor is de drone ook te gebruiken zonder obstakelontwijking in bijvoorbeeld smalle binnen ruimtes.<\/p><p><strong>Optical flow sensor<\/strong><br \/>De FX1 Maverick heeft een opticall flow sensor. Deze optical flow sensor detecteert de beweging van de drone ten opzichte van de grond, wat ervoor zorgt dat de drone beter op zijn plek blijft. Zelfs bij lichte wind en andere verstoringen. Dit maakt het <strong>gemakkelijker voor beginners <\/strong>om te leren vliegen omdat minder correcties nodig zijn.<\/p><p><strong>Gratis Killerbee RC Video cursus<br \/><\/strong>Wij willen dat jij het beste uit je vliegervaring haalt. Daarom krijg je bij de aanschaf van een Killlebee drone een unieke vouchercode voor onze simpele en praktische online video cursus. Binnen slechts 10 minuten leer je de basisbeginselen van het besturen van je drone, zodat je direct kunt beginnen met vliegen en je vaardigheden snel kunt verbeteren. Op deze manier ondek jij de facinerende wereld van het drone vliegen zonder een handleiding te hoeven lezen!<\/p><p><strong>Overige opties<br \/><\/strong><span style=\"font-size: 1em; letter-spacing: 0px;\">360 graden stunts<br \/><\/span><span style=\"font-size: 1em; letter-spacing: 0px;\">Twee verschillende snelheid modi<br \/><\/span><\/p><p><span style=\"font-size: 1em; letter-spacing: 0px;\"><br \/><\/span>De Killerbee XF1 Maverick drone is de ideale keuze voor iedereen die op zoek is naar een betaalbare en hoogwaardige drone met geavanceerde functies en gebruiksgemak.<\/p>\t\t\t\t\t\t\t\t<\/div>\n\t\t\t\t<\/div>\n\t\t\t\t\t<\/div>\n\t\t<\/div>\n\t\t\t\t\t<\/div>\n\t\t<\/section>\n\t\t\t\t<\/div>\n\t\t","protected":false},"excerpt":{"rendered":"<p>Maak kennis met de Killerbee FX1 Maverick drone. Dit is de perfecte keuze voor zowel <strong>kinderen<\/strong> als <strong>volwassenen<\/strong> die op zoek zijn naar een veelzijdige <strong>gebruiksvriendelijke<\/strong> drone. De drone beschikt over een <strong>dubbele camera <\/strong>waardoor jij vanuit verschillende hoeken prachtige foto\u2019s en video\u2019s kan maken. De camera aan de voorkant van de drone heeft een <strong>gimball<\/strong> die je op afstand <strong>90 graden kan kantelen<\/strong>. De <strong>optical flow sensor<\/strong> zorgt ervoor dat de drone stukken stabieler vliegt en minder correcties nodig heeft. Daarnaast heeft de drone <strong>obstakelontwijking\u00a0<\/strong>waardoor de kans op botsen met de drone stukken kleiner is. De drone heeft een vliegtijd van 11 minuten per batterij en deze ultra fly more combo wordt geleverd met <strong>4 batterijen<\/strong>. De totale vliegtijd is dus <strong>44 minuten!<\/strong><\/p>\n","protected":false},"featured_media":20964,"comment_status":"closed","ping_status":"closed","template":"","meta":[],"product_cat":[74,180],"product_tag":[237,235,236],"class_list":{"0":"post-20436","1":"product","2":"type-product","3":"status-publish","4":"has-post-thumbnail","6":"product_cat-drones","7":"product_cat-ultra-fly-more-combo","8":"product_tag-fx-series","9":"product_tag-obstakelontwijking","10":"product_tag-opticalflow","11":"product_shipping_class-pakketpost","13":"first","14":"instock","15":"taxable","16":"shipping-taxable","17":"purchasable","18":"product-type-simple"},"jetpack_sharing_enabled":true,"_links":{"self":[{"href":"https:\/\/killerbeerc.com\/nl\/wp-json\/wp\/v2\/product\/20436","targetHints":{"allow":["GET"]}}],"collection":[{"href":"https:\/\/killerbeerc.com\/nl\/wp-json\/wp\/v2\/product"}],"about":[{"href":"https:\/\/killerbeerc.com\/nl\/wp-json\/wp\/v2\/types\/product"}],"replies":[{"embeddable":true,"href":"https:\/\/killerbeerc.com\/nl\/wp-json\/wp\/v2\/comments?post=20436"}],"version-history":[{"count":11,"href":"https:\/\/killerbeerc.com\/nl\/wp-json\/wp\/v2\/product\/20436\/revisions"}],"predecessor-version":[{"id":21013,"href":"https:\/\/killerbeerc.com\/nl\/wp-json\/wp\/v2\/product\/20436\/revisions\/21013"}],"wp:featuredmedia":[{"embeddable":true,"href":"https:\/\/killerbeerc.com\/nl\/wp-json\/wp\/v2\/media\/20964"}],"wp:attachment":[{"href":"https:\/\/killerbeerc.com\/nl\/wp-json\/wp\/v2\/media?parent=20436"}],"wp:term":[{"taxonomy":"product_cat","embeddable":true,"href":"https:\/\/killerbeerc.com\/nl\/wp-json\/wp\/v2\/product_cat?post=20436"},{"taxonomy":"product_tag","embeddable":true,"href":"https:\/\/killerbeerc.com\/nl\/wp-json\/wp\/v2\/product_tag?post=20436"}],"curies":[{"name":"wp","href":"https:\/\/api.w.org\/{rel}","templated":true}]}}