{"id":22345,"date":"2024-10-09T21:36:50","date_gmt":"2024-10-09T21:36:50","guid":{"rendered":"https:\/\/www.killerbeerc.com\/?post_type=product&#038;p=22345"},"modified":"2025-03-09T12:50:55","modified_gmt":"2025-03-09T12:50:55","slug":"killerbee-x5-se-viper-ultra-fly-more-combo","status":"publish","type":"product","link":"https:\/\/killerbeerc.com\/fr\/produit\/killerbee-x5-se-viper-ultra-fly-more-combo\/","title":{"rendered":"Killerbee X5 SE Viper Ultra Fly More Combo"},"content":{"rendered":"<p>Les <strong>X5 SE Viper<\/strong> est \u00e9quip\u00e9 d'un double appareil photo pour capturer des photos et des vid\u00e9os sous diff\u00e9rents angles. L'appareil <strong>cam\u00e9ra frontale<\/strong>que vous pouvez incliner \u00e0 distance de 90 degr\u00e9s, offre des options de prise de vue polyvalentes. L'appareil <strong>capteur de d\u00e9bit optique<\/strong>assure un vol plus stable avec moins de corrections. En outre, la <strong>\u00e9vitement des obstacles<\/strong> ce qui r\u00e9duit consid\u00e9rablement le risque de collision. Avec un temps de vol de <strong>13 minutes par batterie<\/strong> et les quatre piles incluses, vous b\u00e9n\u00e9ficierez d'un temps de vol total de <strong>52 minutes<\/strong>.<\/p>\n<p>&nbsp;<\/p>\n<p>Le drone est livr\u00e9 avec un sac de rangement de luxe dans lequel le drone, le contr\u00f4leur et les batteries se rangent parfaitement.<\/p>\n<p>&nbsp;<\/p>\n<p><strong>Puissants moteurs sans balais<\/strong><\/p>\n<p>Les <strong>X5 SE Viper<\/strong> est \u00e9quip\u00e9 des derni\u00e8res <strong>moteurs sans balais<\/strong>. Ces moteurs offrent plus de puissance et d'efficacit\u00e9 que les moteurs standard, ce qui se traduit par une dur\u00e9e de vie plus longue, un fonctionnement plus silencieux et des performances am\u00e9lior\u00e9es.<\/p>\n<p>&nbsp;<\/p>\n<p><strong>Syst\u00e8me de r\u00e9paration rapide Killerbee<\/strong><\/p>\n<p>Gr\u00e2ce \u00e0 la nouvelle <strong>Syst\u00e8me de r\u00e9paration rapide Killerbee<\/strong> Les pi\u00e8ces du X5 SE Viper peuvent \u00eatre remplac\u00e9es facilement et rapidement sans soudure ou autres op\u00e9rations d\u00e9licates. Cela signifie que vous pouvez passer plus de temps en vol et moins de temps \u00e0 l'entretien.<\/p>\n<p>&nbsp;<\/p>\n<p><strong>Convient \u00e0 tous<\/strong><\/p>\n<p>Gr\u00e2ce \u00e0 sa simplicit\u00e9 d'utilisation et \u00e0 ses fonctions avanc\u00e9es, le <strong>X5 SE Viper<\/strong> Id\u00e9al pour les enfants et les adultes qui souhaitent faire leurs premiers pas dans le monde des drones. Gr\u00e2ce \u00e0 sa facilit\u00e9 d'utilisation et \u00e0 sa fiabilit\u00e9, ce drone est parfait pour tous ceux qui recherchent une exp\u00e9rience de drone de haute qualit\u00e9.<\/p>\n<p>&nbsp;<\/p>\n<p><strong>Aucune licence de vol n'est n\u00e9cessaire !<\/strong><\/p>\n<p>Les <strong>X5 SE Viper<\/strong> ne p\u00e8se que <strong>168 g<\/strong>Il n'est donc plus n\u00e9cessaire d'avoir une licence de pilote. Il est donc plus facile que jamais de d\u00e9baller et de partir imm\u00e9diatement \u00e0 l'aventure dans le monde des drones Killerbee.<\/p>\n<p>&nbsp;<\/p>\n<p><strong>Cam\u00e9ra \u00e0 double inclinaison avec Live View<\/strong><\/p>\n<p>Les <strong>X5 SE Viper<\/strong> a une <strong>cam\u00e9ra \u00e0 double inclinaison<\/strong>L'appareil est \u00e9quip\u00e9 de deux cam\u00e9ras, l'une \u00e0 l'avant et l'autre \u00e0 l'arri\u00e8re, qui envoient des images en direct sur votre t\u00e9l\u00e9phone pendant le vol. Vous pouvez incliner la cam\u00e9ra avant de 90 degr\u00e9s et passer d'une cam\u00e9ra \u00e0 l'autre pour obtenir diff\u00e9rentes perspectives.<\/p>\n<p>&nbsp;<\/p>\n<p><strong>\u00c9vitement des obstacles<\/strong><\/p>\n<p>Les <strong>fonction d'\u00e9vitement des obstacles<\/strong> permet au drone de s'arr\u00eater automatiquement lorsqu'il d\u00e9tecte des obstacles, r\u00e9duisant ainsi les dommages dus aux collisions. La nouvelle puce permet de d\u00e9sactiver cette fonction pour une utilisation dans des espaces int\u00e9rieurs \u00e9troits.<\/p>\n<p>&nbsp;<\/p>\n<p><strong>Capteur de d\u00e9bit optique<\/strong><\/p>\n<p>Les <strong>capteur de d\u00e9bit optique<\/strong> d\u00e9tecte les mouvements par rapport au sol, ce qui assure un vol plus stable, m\u00eame par vent faible. Cela n\u00e9cessite moins de corrections pendant le vol, ce qui facilite l'apprentissage du vol pour les d\u00e9butants.<\/p>\n<p>&nbsp;<\/p>\n<p><strong>Cours vid\u00e9o gratuit sur le Killerbee RC<\/strong><\/p>\n<p>Lors de l'achat du <strong>X5 SE Viper<\/strong> vous recevrez un code de bon d'achat pour notre cours vid\u00e9o pratique en ligne. En seulement 10 minutes, vous apprendrez les techniques de base pour contr\u00f4ler votre drone. Vous pourrez ainsi rapidement commencer \u00e0 voler et am\u00e9liorer vos comp\u00e9tences sans avoir recours \u00e0 des manuels compliqu\u00e9s.<\/p>\n<p>&nbsp;<\/p>\n<p><strong>Encore plus de caract\u00e9ristiques :<\/strong><\/p>\n<p>- <strong>Des cascades \u00e0 360 degr\u00e9s :<\/strong> Faites faire au drone des sauts p\u00e9rilleux impressionnants.<\/p>\n<p>- <strong>Vitesse r\u00e9glable,<\/strong> y compris un mode sport.<\/p>\n<p>- <strong>D\u00e9collage et atterrissage automatiques.<\/strong><\/p>\n<p>- <strong>Mode \"suivez-moi\" :<\/strong> Le drone vous suit en fonction de la cam\u00e9ra.<\/p>\n<p>&nbsp;<\/p>\n<p>Les <strong>Killerbee X5 SE Viper<\/strong> est le choix id\u00e9al pour tous ceux qui recherchent un drone abordable, de haute qualit\u00e9, avec des fonctionnalit\u00e9s avanc\u00e9es et un look carbone unique. D\u00e9couvrez la puissance et la facilit\u00e9 d'utilisation du dernier drone de Killerbee et partez \u00e0 l'aventure d\u00e8s maintenant !<\/p>\n<p><strong>**Veuillez noter :<\/strong> L'\u00e9vitement des obstacles ne garantit pas que le drone ne s'\u00e9crasera pas ou ne sera pas endommag\u00e9. Il faut toujours voler avec prudence.<\/p>","protected":false},"excerpt":{"rendered":"<p><strong>D\u00e9couvrez le X5 SE Viper<\/strong>, le dernier drone de Killerbee et le rempla\u00e7ant de l'un de nos drones les plus vendus, le <strong>X5 Blackhawk<\/strong>. Ce drone offre plusieurs am\u00e9liorations, notamment une plus grande autonomie, un look carbone unique et des fonctions avanc\u00e9es que les d\u00e9butants et les pilotes de drone exp\u00e9riment\u00e9s appr\u00e9cieront.<\/p>","protected":false},"featured_media":22347,"comment_status":"open","ping_status":"closed","template":"","meta":[],"product_cat":[177,74,180],"product_tag":[],"class_list":{"0":"post-22345","1":"product","2":"type-product","3":"status-publish","4":"has-post-thumbnail","6":"product_cat-geen-categorie","7":"product_cat-drones","8":"product_cat-ultra-fly-more-combo","10":"first","11":"instock","12":"taxable","13":"shipping-taxable","14":"purchasable","15":"product-type-simple"},"jetpack_sharing_enabled":true,"_links":{"self":[{"href":"https:\/\/killerbeerc.com\/fr\/wp-json\/wp\/v2\/product\/22345","targetHints":{"allow":["GET"]}}],"collection":[{"href":"https:\/\/killerbeerc.com\/fr\/wp-json\/wp\/v2\/product"}],"about":[{"href":"https:\/\/killerbeerc.com\/fr\/wp-json\/wp\/v2\/types\/product"}],"replies":[{"embeddable":true,"href":"https:\/\/killerbeerc.com\/fr\/wp-json\/wp\/v2\/comments?post=22345"}],"version-history":[{"count":1,"href":"https:\/\/killerbeerc.com\/fr\/wp-json\/wp\/v2\/product\/22345\/revisions"}],"predecessor-version":[{"id":22346,"href":"https:\/\/killerbeerc.com\/fr\/wp-json\/wp\/v2\/product\/22345\/revisions\/22346"}],"wp:featuredmedia":[{"embeddable":true,"href":"https:\/\/killerbeerc.com\/fr\/wp-json\/wp\/v2\/media\/22347"}],"wp:attachment":[{"href":"https:\/\/killerbeerc.com\/fr\/wp-json\/wp\/v2\/media?parent=22345"}],"wp:term":[{"taxonomy":"product_cat","embeddable":true,"href":"https:\/\/killerbeerc.com\/fr\/wp-json\/wp\/v2\/product_cat?post=22345"},{"taxonomy":"product_tag","embeddable":true,"href":"https:\/\/killerbeerc.com\/fr\/wp-json\/wp\/v2\/product_tag?post=22345"}],"curies":[{"name":"wp","href":"https:\/\/api.w.org\/{rel}","templated":true}]}}