{"id":22331,"date":"2024-10-09T21:19:27","date_gmt":"2024-10-09T21:19:27","guid":{"rendered":"https:\/\/www.killerbeerc.com\/?post_type=product&#038;p=22331"},"modified":"2024-10-09T22:24:21","modified_gmt":"2024-10-09T22:24:21","slug":"x1-se-sky-predator-ultra-fly-more-combo","status":"publish","type":"product","link":"https:\/\/killerbeerc.com\/fr\/produit\/x1-se-sky-predator-ultra-fly-more-combo\/","title":{"rendered":"X1 SE Sky Predator Ultra Fly More Combo"},"content":{"rendered":"<p>Le X1 SE Sky Predator est \u00e9quip\u00e9 de deux cam\u00e9ras pour capturer des photos et des vid\u00e9os sous diff\u00e9rents angles. La cam\u00e9ra frontale, que vous pouvez incliner \u00e0 distance de 90 degr\u00e9s, ainsi que le capteur de flux optique, offrent un vol plus stable avec moins de corrections. De plus, l'\u00e9vitement des obstacles r\u00e9duit le risque de collision. Avec une dur\u00e9e de vol de 12 minutes par batterie et quatre batteries incluses, vous b\u00e9n\u00e9ficierez d'une dur\u00e9e de vol totale de 48 minutes.<\/p>\n<p>Le drone est livr\u00e9 avec un sac de rangement de luxe dans lequel le drone, le contr\u00f4leur et les batteries se rangent parfaitement.<\/p>\n<p>&nbsp;<\/p>\n<p><strong>Puissants moteurs sans balais<\/strong><\/p>\n<p>Le X1 SE Sky Predator est \u00e9quip\u00e9 des derniers moteurs sans balais. Ces moteurs offrent plus de puissance et d'efficacit\u00e9 que les moteurs standard, ce qui se traduit par une dur\u00e9e de vie plus longue, un fonctionnement plus silencieux et de meilleures performances.<\/p>\n<p>&nbsp;<\/p>\n<p><strong>Syst\u00e8me de r\u00e9paration rapide Killerbee<\/strong><\/p>\n<p>Gr\u00e2ce au nouveau syst\u00e8me de r\u00e9paration rapide Killerbee, les pi\u00e8ces peuvent \u00eatre remplac\u00e9es facilement et rapidement sans soudure ou autres op\u00e9rations d\u00e9licates. Cela signifie que vous passez plus de temps en vol et moins de temps \u00e0 l'entretien.<\/p>\n<p>&nbsp;<\/p>\n<p><strong>Convient \u00e0 tous<\/strong><\/p>\n<p>Avec ses commandes simples et ses fonctions avanc\u00e9es, le X1 SE Sky Predator est id\u00e9al pour les enfants et les adultes qui souhaitent faire leurs premiers pas dans le monde des drones.<\/p>\n<p>&nbsp;<\/p>\n<p><strong>Aucun permis de vol requis !<\/strong><\/p>\n<p>Le X1 SE Sky Predator ne p\u00e8se que 168 grammes, ce qui signifie qu'aucune licence de pilote n'est n\u00e9cessaire. D\u00e9ballez-le et partez directement \u00e0 l'aventure dans le monde des drones Killerbee !<\/p>\n<p>&nbsp;<\/p>\n<p><strong>Cam\u00e9ra \u00e0 double inclinaison avec affichage de l'image en direct<\/strong><\/p>\n<p>Le X1 SE est \u00e9quip\u00e9 d'une double cam\u00e9ra, l'une \u00e0 l'avant et l'autre \u00e0 l'arri\u00e8re, qui envoie des images en direct \u00e0 votre t\u00e9l\u00e9phone pendant le vol. Vous pouvez incliner la cam\u00e9ra frontale de 90 degr\u00e9s et passer d'une cam\u00e9ra \u00e0 l'autre pour obtenir diff\u00e9rentes perspectives.<\/p>\n<p>&nbsp;<\/p>\n<p><strong>\u00c9vitement des obstacles**<\/strong><\/p>\n<p>La fonction d'\u00e9vitement d'obstacles permet au drone de s'arr\u00eater automatiquement lorsqu'il d\u00e9tecte des obstacles, r\u00e9duisant ainsi les dommages dus aux collisions. La nouvelle puce permet de d\u00e9sactiver cette fonction pour une utilisation dans des espaces int\u00e9rieurs \u00e9troits.<\/p>\n<p>&nbsp;<\/p>\n<p><strong>Capteur de d\u00e9bit optique<\/strong><\/p>\n<p>Le capteur de flux optique d\u00e9tecte les mouvements par rapport au sol, ce qui permet un vol plus stable, m\u00eame par vent faible, et facilite l'apprentissage du vol pour les d\u00e9butants. Par cons\u00e9quent, beaucoup moins de corrections sont n\u00e9cessaires pendant le vol.<\/p>\n<p>&nbsp;<\/p>\n<p><strong>Cours vid\u00e9o gratuit sur le Killerbee RC<\/strong><\/p>\n<p>Lors de l'achat du X1 SE Sky Predator, vous recevrez un code de bon d'achat pour notre cours vid\u00e9o pratique en ligne. En seulement 10 minutes, vous apprendrez les techniques de base pour contr\u00f4ler votre drone. Vous pourrez ainsi rapidement commencer \u00e0 voler et am\u00e9liorer vos comp\u00e9tences sans avoir recours \u00e0 des manuels compliqu\u00e9s.<\/p>\n<p>&nbsp;<\/p>\n<p><strong>Encore plus de fonctionnalit\u00e9s :<\/strong><\/p>\n<ul>\n<li>Acrobaties \u00e0 360 degr\u00e9s : faites faire au drone des sauts p\u00e9rilleux impressionnants<\/li>\n<li>Vitesse r\u00e9glable:** y compris un mode sport<\/li>\n<li>D\u00e9collage et atterrissage automatiques<\/li>\n<li>Mode \"Follow me\" : le drone vous suit en fonction de la cam\u00e9ra.<\/li>\n<li>Le X1 SE Sky Predator est le choix id\u00e9al pour tous ceux qui recherchent un drone abordable, de haute qualit\u00e9, avec des fonctionnalit\u00e9s avanc\u00e9es et une grande facilit\u00e9 d'utilisation.<\/li>\n<\/ul>\n<p>&nbsp;<\/p>\n<p>** L'\u00e9vitement des obstacles ne garantit pas que le drone ne s'\u00e9crasera pas ou ne sera pas endommag\u00e9. Veillez toujours \u00e0 voler prudemment.<\/p>","protected":false},"excerpt":{"rendered":"<p>Voici le X1 SE Sky Predator, le dernier drone de Killerbee et le successeur de son mod\u00e8le le plus vendu, le X1. Ce drone offre un certain nombre d'am\u00e9liorations, notamment de puissants moteurs sans balais et le syst\u00e8me innovant Killerbee Quick Repair, ce qui le rend parfait pour les enfants et les adultes \u00e0 la recherche d'un drone facile \u00e0 utiliser pour les d\u00e9butants.<\/p>","protected":false},"featured_media":22344,"comment_status":"closed","ping_status":"closed","template":"","meta":[],"product_cat":[74,180],"product_tag":[],"class_list":{"0":"post-22331","1":"product","2":"type-product","3":"status-publish","4":"has-post-thumbnail","6":"product_cat-drones","7":"product_cat-ultra-fly-more-combo","9":"first","10":"instock","11":"taxable","12":"shipping-taxable","13":"purchasable","14":"product-type-simple"},"jetpack_sharing_enabled":true,"_links":{"self":[{"href":"https:\/\/killerbeerc.com\/fr\/wp-json\/wp\/v2\/product\/22331","targetHints":{"allow":["GET"]}}],"collection":[{"href":"https:\/\/killerbeerc.com\/fr\/wp-json\/wp\/v2\/product"}],"about":[{"href":"https:\/\/killerbeerc.com\/fr\/wp-json\/wp\/v2\/types\/product"}],"replies":[{"embeddable":true,"href":"https:\/\/killerbeerc.com\/fr\/wp-json\/wp\/v2\/comments?post=22331"}],"version-history":[{"count":3,"href":"https:\/\/killerbeerc.com\/fr\/wp-json\/wp\/v2\/product\/22331\/revisions"}],"predecessor-version":[{"id":22334,"href":"https:\/\/killerbeerc.com\/fr\/wp-json\/wp\/v2\/product\/22331\/revisions\/22334"}],"wp:featuredmedia":[{"embeddable":true,"href":"https:\/\/killerbeerc.com\/fr\/wp-json\/wp\/v2\/media\/22344"}],"wp:attachment":[{"href":"https:\/\/killerbeerc.com\/fr\/wp-json\/wp\/v2\/media?parent=22331"}],"wp:term":[{"taxonomy":"product_cat","embeddable":true,"href":"https:\/\/killerbeerc.com\/fr\/wp-json\/wp\/v2\/product_cat?post=22331"},{"taxonomy":"product_tag","embeddable":true,"href":"https:\/\/killerbeerc.com\/fr\/wp-json\/wp\/v2\/product_tag?post=22331"}],"curies":[{"name":"wp","href":"https:\/\/api.w.org\/{rel}","templated":true}]}}