{"id":20461,"date":"2023-05-05T21:38:37","date_gmt":"2023-05-05T21:38:37","guid":{"rendered":"https:\/\/www.killerbeerc.com\/?post_type=product&#038;p=20461"},"modified":"2024-10-09T21:11:27","modified_gmt":"2024-10-09T21:11:27","slug":"killerbee-fx4-falcon-fly-more-combo","status":"publish","type":"product","link":"https:\/\/killerbeerc.com\/fr\/produit\/killerbee-fx4-falcon-fly-more-combo\/","title":{"rendered":"Killerbee FX4 Falcon Fly More Combo"},"content":{"rendered":"<p><strong>Pour les enfants comme pour les adultes<\/strong><br \/>\nLe FX4 Falcon convient parfaitement aux enfants et aux adultes qui souhaitent d\u00e9couvrir le vol de drones. Le drone est tr\u00e8s facile \u00e0 utiliser. Le capteur de flux optique et l'\u00e9vitement des obstacles en font le drone id\u00e9al pour les d\u00e9butants souhaitant apprendre \u00e0 piloter des drones.<\/p>\n<p><strong>Aucun permis de vol requis !<\/strong><br \/>\nAvec un poids de 168 grammes, le FX4 Falcon ne n\u00e9cessite pas de permis de vol. D\u00e9ballez-le et plongez imm\u00e9diatement dans le monde magique des drones Killerbee !<\/p>\n<p><strong>Une cam\u00e9ra double inclinable avec diffusion en direct sur votre t\u00e9l\u00e9phone !<\/strong><br \/>\nLe Killerbee FX4 Falcon est \u00e9quip\u00e9 d'un double appareil photo, avec un \u00e0 l'avant et un en dessous du drone. Pendant le vol, le drone diffuse en direct sur votre t\u00e9l\u00e9phone. Pendant le vol, vous pouvez incliner la cam\u00e9ra avant jusqu'\u00e0 90 degr\u00e9s et passer \u00e0 la cam\u00e9ra du bas.<\/p>\n<p><strong>\u00c9vitement des obstacles<\/strong><br \/>\nLa fonction d'\u00e9vitement des obstacles du FX4 Falcon permet au drone de ralentir ou de freiner lorsqu'il d\u00e9tecte un obstacle en vol. Cela permet de r\u00e9duire les risques de collision et de prot\u00e9ger le drone contre les dommages. Le FX4 Falcon est \u00e9quip\u00e9 d'une nouvelle puce qui permet de d\u00e9sactiver la fonction d'\u00e9vitement des obstacles. Ainsi, vous pouvez \u00e9galement utiliser le drone sans la fonction d'\u00e9vitement des obstacles dans des espaces int\u00e9rieurs \u00e9troits, par exemple.<\/p>\n<p><strong>Optical flow sensor<\/strong><br \/>\nLe FX4 Falcon est \u00e9quip\u00e9 d'un capteur de flux optique. Ce capteur d\u00e9tecte les mouvements de la drone par rapport au sol, ce qui lui permet de maintenir une position plus stable. M\u00eame en cas de vent l\u00e9ger ou d'autres perturbations, le capteur de flux optique aide le drone \u00e0 rester en place. Cette fonctionnalit\u00e9 est particuli\u00e8rement b\u00e9n\u00e9fique pour les d\u00e9butants, car elle r\u00e9duit le besoin de corrections fr\u00e9quentes et facilite l'apprentissage du pilotage du drone.<\/p>\n<p><strong><strong>Cours vid\u00e9o gratuit<\/strong><\/strong><br \/>\nNous voulons que vous tiriez le meilleur parti de votre exp\u00e9rience de vol. C'est pourquoi, lors de l'achat d'un drone Killerbee, vous recevrez un code de coupon unique pour notre cours vid\u00e9o en ligne simple et pratique. En seulement 10 minutes, vous apprendrez les bases du contr\u00f4le des drones, ce qui vous permettra de commencer \u00e0 voler imm\u00e9diatement et d'am\u00e9liorer rapidement vos comp\u00e9tences. De cette fa\u00e7on, vous pourrez d\u00e9couvrir le monde fascinant du pilotage de drones sans avoir \u00e0 lire un manuel !<\/p>\n<p><strong><strong>Autres options<\/strong><\/strong><\/p>\n<ul>\n<li>Stunts \u00e0 360 degr\u00e9s<\/li>\n<li>Deux modes de vitesse diff\u00e9rents<\/li>\n<\/ul>\n<p>De Killerbee FX4 Falcon drone is de ideale keuze voor iedereen die op zoek is naar een betaalbare en hoogwaardige drone met geavanceerde functies en gebruiksgemak.<\/p>","protected":false},"excerpt":{"rendered":"<p class=\"translation-block\">D\u00e9couvrez le drone Killerbee FX4 Falcon. C'est le choix parfait pour <strong>les enfants<\/strong> et <strong>les adultes<\/strong> \u00e0 la recherche d'un drone polyvalent et convivial. Le drone est dot\u00e9 d'une <strong>double cam\u00e9ra<\/strong>, vous permettant de capturer de magnifiques photos et vid\u00e9os sous diff\u00e9rents angles. La cam\u00e9ra avant du drone est \u00e9quip\u00e9e d'un <strong>cardan<\/strong> inclinable \u00e0 distance de <strong>90 degr\u00e9s<\/strong>. Le <strong>capteur de flux optique<\/strong> assure un vol plus stable avec moins de corrections n\u00e9cessaires. De plus, le drone est \u00e9quip\u00e9 d'une <strong>\u00e9vitement des obstacles<\/strong>, r\u00e9duisant ainsi les risques de collision. Avec une autonomie de vol de 11 minutes par batterie, ce combo fly more est livr\u00e9 avec <strong>3 batteries<\/strong>, offrant ainsi une autonomie totale de <strong>33 minutes<\/strong> !<\/p>","protected":false},"featured_media":21212,"comment_status":"closed","ping_status":"closed","template":"","meta":[],"product_cat":[74,179],"product_tag":[237,235,236],"class_list":{"0":"post-20461","1":"product","2":"type-product","3":"status-publish","4":"has-post-thumbnail","6":"product_cat-drones","7":"product_cat-fly-more-combo","8":"product_tag-fx-series","9":"product_tag-obstakelontwijking","10":"product_tag-opticalflow","11":"product_shipping_class-pakketpost","13":"first","14":"outofstock","15":"taxable","16":"shipping-taxable","17":"purchasable","18":"product-type-simple"},"jetpack_sharing_enabled":true,"_links":{"self":[{"href":"https:\/\/killerbeerc.com\/fr\/wp-json\/wp\/v2\/product\/20461","targetHints":{"allow":["GET"]}}],"collection":[{"href":"https:\/\/killerbeerc.com\/fr\/wp-json\/wp\/v2\/product"}],"about":[{"href":"https:\/\/killerbeerc.com\/fr\/wp-json\/wp\/v2\/types\/product"}],"replies":[{"embeddable":true,"href":"https:\/\/killerbeerc.com\/fr\/wp-json\/wp\/v2\/comments?post=20461"}],"version-history":[{"count":6,"href":"https:\/\/killerbeerc.com\/fr\/wp-json\/wp\/v2\/product\/20461\/revisions"}],"predecessor-version":[{"id":21173,"href":"https:\/\/killerbeerc.com\/fr\/wp-json\/wp\/v2\/product\/20461\/revisions\/21173"}],"wp:featuredmedia":[{"embeddable":true,"href":"https:\/\/killerbeerc.com\/fr\/wp-json\/wp\/v2\/media\/21212"}],"wp:attachment":[{"href":"https:\/\/killerbeerc.com\/fr\/wp-json\/wp\/v2\/media?parent=20461"}],"wp:term":[{"taxonomy":"product_cat","embeddable":true,"href":"https:\/\/killerbeerc.com\/fr\/wp-json\/wp\/v2\/product_cat?post=20461"},{"taxonomy":"product_tag","embeddable":true,"href":"https:\/\/killerbeerc.com\/fr\/wp-json\/wp\/v2\/product_tag?post=20461"}],"curies":[{"name":"wp","href":"https:\/\/api.w.org\/{rel}","templated":true}]}}