{"id":20451,"date":"2023-05-05T21:26:00","date_gmt":"2023-05-05T21:26:00","guid":{"rendered":"https:\/\/www.killerbeerc.com\/?post_type=product&#038;p=20451"},"modified":"2023-06-05T20:28:42","modified_gmt":"2023-06-05T20:28:42","slug":"killerbee-fx2-nighthawk-ultra-fly-more-combo","status":"publish","type":"product","link":"https:\/\/killerbeerc.com\/fr\/produit\/killerbee-fx2-nighthawk-ultra-fly-more-combo\/","title":{"rendered":"Killerbee FX2 Nighthawk Ultra Fly More Combo"},"content":{"rendered":"<p class=\"translation-block\"><strong>Pour les enfants et les adultes<\/strong><br>\nLe FX2 Nighthawk convient parfaitement aux enfants et aux adultes pour se familiariser avec le pilotage des drones. Le drone est <strong>extr\u00eamement facile<\/strong> \u00e0 utiliser. Le capteur de flux optique et l'\u00e9vitement des obstacles en font le drone id\u00e9al pour commencer \u00e0 piloter des drones.<\/p>\n<p class=\"translation-block\"><strong>Pas besoin de permis de vol !<\/strong><br>\nAvec un poids de 124 grammes, le FX2 Nighthawk ne n\u00e9cessite pas de permis de vol. D\u00e9ballez-le et familiarisez-vous imm\u00e9diatement avec le monde magique des drones Killerbee !<\/p>\n<p class=\"translation-block\"><strong>Double cam\u00e9ra inclinable avec diffusion en direct sur votre t\u00e9l\u00e9phone !<\/strong><br>\nLe Killerbee FX2 Nighthawk est \u00e9quip\u00e9 d'une double cam\u00e9ra, une \u00e0 l'avant et une en dessous du drone. Pendant le vol, le drone transmet en <strong>direct<\/strong> les images sur votre t\u00e9l\u00e9phone. Pendant le vol, il est possible d'incliner la cam\u00e9ra avant de <strong>90 degr\u00e9s<\/strong> et de passer \u00e0 la cam\u00e9ra inf\u00e9rieure.<\/p>\n<p class=\"translation-block\"><strong>\u00c9vitement des obstacles<\/strong><br>\nLa fonction d'\u00e9vitement des obstacles permet au drone de ralentir lorsqu'il d\u00e9tecte un obstacle en vol. Cela permet au FX2 de <strong>r\u00e9duire les risques de collision<\/strong> et, par cons\u00e9quent, d'\u00e9viter d'endommager le drone. Le FX2 est \u00e9quip\u00e9 d'une <strong>nouvelle puce<\/strong> qui permet de d\u00e9sactiver la fonction d'\u00e9vitement des obstacles. Ainsi, le drone peut \u00e9galement \u00eatre utilis\u00e9 sans \u00e9vitement des obstacles dans des espaces int\u00e9rieurs \u00e9troits, par exemple.<\/p>\n<p class=\"translation-block\"><strong>Optical flow sensor<\/strong><br>\nLe FX2 Nighthawk est \u00e9quip\u00e9 d'un capteur de flux optique. Ce capteur de flux optique d\u00e9tecte le mouvement du drone par rapport au sol, ce qui permet au drone de maintenir sa position de mani\u00e8re plus efficace, m\u00eame par temps venteux et en pr\u00e9sence d'autres perturbations. Cela rend l'apprentissage du vol <strong>plus facile pour les d\u00e9butants<\/strong>, car moins de corrections sont n\u00e9cessaires.<\/p>\n<p><strong><strong>Cours vid\u00e9o gratuit<\/strong><\/strong><br \/>\nNous voulons que vous tiriez le meilleur parti de votre exp\u00e9rience de vol. C'est pourquoi, lors de l'achat d'un drone Killerbee, vous recevrez un code de coupon unique pour notre cours vid\u00e9o en ligne simple et pratique. En seulement 10 minutes, vous apprendrez les bases du contr\u00f4le des drones, ce qui vous permettra de commencer \u00e0 voler imm\u00e9diatement et d'am\u00e9liorer rapidement vos comp\u00e9tences. De cette fa\u00e7on, vous pourrez d\u00e9couvrir le monde fascinant du pilotage de drones sans avoir \u00e0 lire un manuel !<\/p>\n<p><strong><strong>Autres options<\/strong><\/strong><\/p>\n<ul>\n<li>Stunts \u00e0 360 degr\u00e9s<\/li>\n<li>Deux modes de vitesse diff\u00e9rents<\/li>\n<\/ul>\n<p>Le drone Killerbee XF2 Nighthawk est le choix id\u00e9al pour ceux qui recherchent un drone abordable et de haute qualit\u00e9 avec des fonctionnalit\u00e9s avanc\u00e9es et une facilit\u00e9 d'utilisation.<\/p>","protected":false},"excerpt":{"rendered":"<p class=\"translation-block\">D\u00e9couvrez le drone Killerbee FX2 Nighthawk. C'est le choix parfait pour <strong>les enfants<\/strong> et <strong>les adultes<\/strong> \u00e0 la recherche d'un drone polyvalent et convivial. Le drone est \u00e9quip\u00e9 d'une <strong>double cam\u00e9ra<\/strong>, vous permettant de capturer de superbes photos et vid\u00e9os sous diff\u00e9rents angles. La cam\u00e9ra avant du drone est dot\u00e9e d'une <strong>nacelle<\/strong> pouvant \u00eatre inclin\u00e9e \u00e0 distance de <strong>90 degr\u00e9s<\/strong>. Le <strong>capteur de flux optique<\/strong> garantit un vol beaucoup plus stable avec moins de corrections n\u00e9cessaires. De plus, le drone est \u00e9quip\u00e9 d'une fonction <strong>d'\u00e9vitement des obstacles<\/strong>, r\u00e9duisant ainsi les risques de collision. Le drone a une autonomie de vol de 11 minutes. Il est disponible avec diff\u00e9rentes options de batteries. Cette variante est livr\u00e9e avec 4 batteries, offrant ainsi une dur\u00e9e de vol totale de <strong>44 minutes<\/strong>!<\/p>","protected":false},"featured_media":20726,"comment_status":"closed","ping_status":"closed","template":"","meta":[],"product_cat":[74,180],"product_tag":[237,235,236],"class_list":{"0":"post-20451","1":"product","2":"type-product","3":"status-publish","4":"has-post-thumbnail","6":"product_cat-drones","7":"product_cat-ultra-fly-more-combo","8":"product_tag-fx-series","9":"product_tag-obstakelontwijking","10":"product_tag-opticalflow","11":"product_shipping_class-pakketpost","13":"first","14":"instock","15":"taxable","16":"shipping-taxable","17":"purchasable","18":"product-type-simple"},"jetpack_sharing_enabled":true,"_links":{"self":[{"href":"https:\/\/killerbeerc.com\/fr\/wp-json\/wp\/v2\/product\/20451","targetHints":{"allow":["GET"]}}],"collection":[{"href":"https:\/\/killerbeerc.com\/fr\/wp-json\/wp\/v2\/product"}],"about":[{"href":"https:\/\/killerbeerc.com\/fr\/wp-json\/wp\/v2\/types\/product"}],"replies":[{"embeddable":true,"href":"https:\/\/killerbeerc.com\/fr\/wp-json\/wp\/v2\/comments?post=20451"}],"version-history":[{"count":3,"href":"https:\/\/killerbeerc.com\/fr\/wp-json\/wp\/v2\/product\/20451\/revisions"}],"predecessor-version":[{"id":20837,"href":"https:\/\/killerbeerc.com\/fr\/wp-json\/wp\/v2\/product\/20451\/revisions\/20837"}],"wp:featuredmedia":[{"embeddable":true,"href":"https:\/\/killerbeerc.com\/fr\/wp-json\/wp\/v2\/media\/20726"}],"wp:attachment":[{"href":"https:\/\/killerbeerc.com\/fr\/wp-json\/wp\/v2\/media?parent=20451"}],"wp:term":[{"taxonomy":"product_cat","embeddable":true,"href":"https:\/\/killerbeerc.com\/fr\/wp-json\/wp\/v2\/product_cat?post=20451"},{"taxonomy":"product_tag","embeddable":true,"href":"https:\/\/killerbeerc.com\/fr\/wp-json\/wp\/v2\/product_tag?post=20451"}],"curies":[{"name":"wp","href":"https:\/\/api.w.org\/{rel}","templated":true}]}}