{"id":20433,"date":"2023-05-05T21:04:56","date_gmt":"2023-05-05T21:04:56","guid":{"rendered":"https:\/\/www.killerbeerc.com\/?post_type=product&#038;p=20433"},"modified":"2023-06-05T20:28:02","modified_gmt":"2023-06-05T20:28:02","slug":"killerbee-fx1-maverick-fly-more-combo","status":"publish","type":"product","link":"https:\/\/killerbeerc.com\/fr\/produit\/killerbee-fx1-maverick-fly-more-combo\/","title":{"rendered":"Killerbee FX1 Maverick Fly More Combo"},"content":{"rendered":"<div data-elementor-type=\"product-post\" data-elementor-id=\"20433\" class=\"elementor elementor-20433\" data-elementor-post-type=\"product\">\n\t\t\t\t\t\t<section class=\"elementor-section elementor-top-section elementor-element elementor-element-2e13bf26 elementor-section-boxed elementor-section-height-default elementor-section-height-default sc_fly_static\" data-id=\"2e13bf26\" data-element_type=\"section\">\n\t\t\t\t\t\t<div class=\"elementor-container elementor-column-gap-extended\">\n\t\t\t\t\t<div class=\"elementor-column elementor-col-100 elementor-top-column elementor-element elementor-element-57d403b3 sc_content_align_inherit sc_layouts_column_icons_position_left sc_fly_static\" data-id=\"57d403b3\" data-element_type=\"column\">\n\t\t\t<div class=\"elementor-widget-wrap elementor-element-populated\">\n\t\t\t\t\t\t<div class=\"elementor-element elementor-element-5e1820e6 sc_fly_static elementor-widget elementor-widget-text-editor\" data-id=\"5e1820e6\" data-element_type=\"widget\" data-widget_type=\"text-editor.default\">\n\t\t\t\t<div class=\"elementor-widget-container\">\n\t\t\t\t\t\t\t\t\t<p class=\"translation-block\"><strong>Pour les enfants et les adultes<\/strong><br>Le FX1 Maverick est parfaitement adapt\u00e9 aux enfants et aux adultes pour d\u00e9couvrir le pilotage des drones. Le drone est <strong>extr\u00eamement facile<\/strong> \u00e0 utiliser. Le capteur de flux optique et l'\u00e9vitement des obstacles en font le drone id\u00e9al pour d\u00e9buter dans le pilotage des drones.<\/p><p class=\"translation-block\"><strong>Aucun brevet de pilote requis !<\/strong><br>Avec un poids de 116 grammes, le FX1 Maverick ne n\u00e9cessite pas de brevet de pilote. D\u00e9ballez-le et d\u00e9couvrez imm\u00e9diatement le monde magique des drones Killerbee !<\/p><p class=\"translation-block\"><strong>Double cam\u00e9ra inclinable avec retransmission en direct sur votre t\u00e9l\u00e9phone !<\/strong><br>Le Killerbee FX1 Maverick est \u00e9quip\u00e9 d'une double cam\u00e9ra, une \u00e0 l'avant et une en dessous du drone. Pendant le vol, le drone envoie une <strong>retransmission en direct<\/strong> sur votre t\u00e9l\u00e9phone. Pendant le vol, il est possible d'<strong>incliner la cam\u00e9ra avant de 90 degr\u00e9s<\/strong> et de passer \u00e0 la cam\u00e9ra du bas.<\/p><p class=\"translation-block\"><strong>\u00c9vitement des obstacles<\/strong><br>La fonction d'\u00e9vitement des obstacles permet \u00e0 la drone de ralentir lorsqu'un obstacle est d\u00e9tect\u00e9 pendant le vol. Cela r\u00e9duit les risques de collision du FX1 et \u00e9vite d'endommager le drone. Le FX1 est \u00e9quip\u00e9 d'une <strong>nouvelle puce<\/strong> qui permet de d\u00e9sactiver la fonction d'\u00e9vitement des obstacles. Ainsi, le drone peut \u00e9galement \u00eatre utilis\u00e9 sans l'\u00e9vitement des obstacles dans des espaces int\u00e9rieurs \u00e9troits, par exemple.<\/p><p class=\"translation-block\"><strong>Capteur de flux optique<\/strong><br>Le FX1 Maverick est \u00e9quip\u00e9 d'un capteur de flux optique. Ce capteur de flux optique d\u00e9tecte les mouvements de la drone par rapport au sol, ce qui permet \u00e0 la drone de mieux maintenir sa position. M\u00eame en cas de vent l\u00e9ger et autres perturbations, le capteur de flux optique assure une meilleure stabilit\u00e9. Cela facilite l'apprentissage du pilotage pour les <strong>d\u00e9butants<\/strong> car moins de corrections sont n\u00e9cessaires.<\/p><p><strong><strong>Cours vid\u00e9o gratuit<\/strong><br \/><\/strong>Nous voulons que vous tiriez le meilleur parti de votre exp\u00e9rience de vol. C'est pourquoi, lors de l'achat d'un drone Killerbee, vous recevrez un code de coupon unique pour notre cours vid\u00e9o en ligne simple et pratique. En seulement 10 minutes, vous apprendrez les bases du contr\u00f4le des drones, ce qui vous permettra de commencer \u00e0 voler imm\u00e9diatement et d'am\u00e9liorer rapidement vos comp\u00e9tences. De cette fa\u00e7on, vous pourrez d\u00e9couvrir le monde fascinant du pilotage de drones sans avoir \u00e0 lire un manuel !<\/p><p class=\"translation-block\"><strong>Autres options<br><\/strong><span style=\"font-size: 1em;letter-spacing: 0px\">Acrobaties \u00e0 360 degr\u00e9s<br><\/span><span style=\"font-size: 1em;letter-spacing: 0px\">Deux modes de vitesse diff\u00e9rents<br><\/span><\/p><p><span style=\"font-size: 1em; letter-spacing: 0px;\"><br \/><\/span>Le drone Killerbee XF1 Maverick est le choix id\u00e9al pour ceux qui recherchent un drone abordable et de haute qualit\u00e9 avec des fonctionnalit\u00e9s avanc\u00e9es et une facilit\u00e9 d'utilisation.<\/p>\t\t\t\t\t\t\t\t<\/div>\n\t\t\t\t<\/div>\n\t\t\t\t\t<\/div>\n\t\t<\/div>\n\t\t\t\t\t<\/div>\n\t\t<\/section>\n\t\t\t\t<\/div>","protected":false},"excerpt":{"rendered":"<p class=\"translation-block\">D\u00e9couvrez le drone Killerbee FX1 Maverick. C'est le choix parfait aussi bien pour les <strong>enfants<\/strong> que pour les <strong>adultes<\/strong> \u00e0 la recherche d'un drone polyvalent et <strong>facile \u00e0 utiliser<\/strong>. Le drone est \u00e9quip\u00e9 d'une <strong>double cam\u00e9ra<\/strong> qui vous permet de capturer de superbes photos et vid\u00e9os sous diff\u00e9rents angles. La cam\u00e9ra avant du drone dispose d'un <strong>cardan<\/strong> que vous pouvez incliner \u00e0 distance de <strong>90 degr\u00e9s<\/strong>. Le <strong>capteur de flux optique<\/strong> assure un vol beaucoup plus stable et n\u00e9cessite moins de corrections. De plus, le drone est \u00e9quip\u00e9 d'un <strong>\u00e9vitement d'obstacles<\/strong>, ce qui r\u00e9duit consid\u00e9rablement les risques de collision. Le drone a une autonomie de vol de 11 minutes par batterie, et cet ensemble ultra fly more est livr\u00e9 avec <strong>3 batteries<\/strong>. La dur\u00e9e de vol totale est donc de <strong>33 minutes!<\/strong><\/p>","protected":false},"featured_media":20965,"comment_status":"closed","ping_status":"closed","template":"","meta":[],"product_cat":[74,179],"product_tag":[237,235,236],"class_list":{"0":"post-20433","1":"product","2":"type-product","3":"status-publish","4":"has-post-thumbnail","6":"product_cat-drones","7":"product_cat-fly-more-combo","8":"product_tag-fx-series","9":"product_tag-obstakelontwijking","10":"product_tag-opticalflow","11":"product_shipping_class-pakketpost","13":"first","14":"instock","15":"taxable","16":"shipping-taxable","17":"purchasable","18":"product-type-simple"},"jetpack_sharing_enabled":true,"_links":{"self":[{"href":"https:\/\/killerbeerc.com\/fr\/wp-json\/wp\/v2\/product\/20433","targetHints":{"allow":["GET"]}}],"collection":[{"href":"https:\/\/killerbeerc.com\/fr\/wp-json\/wp\/v2\/product"}],"about":[{"href":"https:\/\/killerbeerc.com\/fr\/wp-json\/wp\/v2\/types\/product"}],"replies":[{"embeddable":true,"href":"https:\/\/killerbeerc.com\/fr\/wp-json\/wp\/v2\/comments?post=20433"}],"version-history":[{"count":7,"href":"https:\/\/killerbeerc.com\/fr\/wp-json\/wp\/v2\/product\/20433\/revisions"}],"predecessor-version":[{"id":21016,"href":"https:\/\/killerbeerc.com\/fr\/wp-json\/wp\/v2\/product\/20433\/revisions\/21016"}],"wp:featuredmedia":[{"embeddable":true,"href":"https:\/\/killerbeerc.com\/fr\/wp-json\/wp\/v2\/media\/20965"}],"wp:attachment":[{"href":"https:\/\/killerbeerc.com\/fr\/wp-json\/wp\/v2\/media?parent=20433"}],"wp:term":[{"taxonomy":"product_cat","embeddable":true,"href":"https:\/\/killerbeerc.com\/fr\/wp-json\/wp\/v2\/product_cat?post=20433"},{"taxonomy":"product_tag","embeddable":true,"href":"https:\/\/killerbeerc.com\/fr\/wp-json\/wp\/v2\/product_tag?post=20433"}],"curies":[{"name":"wp","href":"https:\/\/api.w.org\/{rel}","templated":true}]}}