{"id":20073,"date":"2023-04-02T17:38:55","date_gmt":"2023-04-02T17:38:55","guid":{"rendered":"https:\/\/www.killerbeerc.com\/?page_id=20073"},"modified":"2024-10-12T21:43:28","modified_gmt":"2024-10-12T21:43:28","slug":"killerbee-drones-kennisbank","status":"publish","type":"page","link":"https:\/\/killerbeerc.com\/fr\/killerbee-drones-kennisbank\/","title":{"rendered":"Killerbee drones kennisbank"},"content":{"rendered":"<div data-elementor-type=\"wp-page\" data-elementor-id=\"20073\" class=\"elementor elementor-20073\" data-elementor-post-type=\"page\">\n\t\t\t\t\t\t<section class=\"elementor-section elementor-top-section elementor-element elementor-element-061a57b elementor-section-stretched scheme_light elementor-section-boxed elementor-section-height-default elementor-section-height-default sc_fly_static\" data-id=\"061a57b\" data-element_type=\"section\" data-settings=\"{&quot;stretch_section&quot;:&quot;section-stretched&quot;,&quot;background_background&quot;:&quot;classic&quot;}\">\n\t\t\t\t\t\t<div class=\"elementor-container elementor-column-gap-extended\">\n\t\t\t\t\t<div class=\"elementor-column elementor-col-100 elementor-top-column elementor-element elementor-element-7dfe413 sc_content_align_inherit sc_layouts_column_icons_position_left sc_fly_static\" data-id=\"7dfe413\" data-element_type=\"column\">\n\t\t\t<div class=\"elementor-widget-wrap elementor-element-populated\">\n\t\t\t\t\t\t<div class=\"elementor-element elementor-element-04ab365 sc_fly_static elementor-widget elementor-widget-trx_sc_title\" data-id=\"04ab365\" data-element_type=\"widget\" data-widget_type=\"trx_sc_title.default\">\n\t\t\t\t<div class=\"elementor-widget-container\">\n\t\t\t\t\t<div\t\tclass=\"sc_title color_style_dark sc_title_default\" ><h1 class=\"sc_item_title sc_title_title sc_align_center sc_item_title_style_default sc_item_title_tag\"\n\t\t\t><span class=\"sc_item_title_text\">Base de connaissances<\/span><\/h1><\/div>\t\t\t\t<\/div>\n\t\t\t\t<\/div>\n\t\t\t\t<div class=\"elementor-element elementor-element-3950828 sc_height_medium sc_fly_static elementor-widget elementor-widget-spacer\" data-id=\"3950828\" data-element_type=\"widget\" data-widget_type=\"spacer.default\">\n\t\t\t\t<div class=\"elementor-widget-container\">\n\t\t\t\t\t\t\t<div class=\"elementor-spacer\">\n\t\t\t<div class=\"elementor-spacer-inner\"><\/div>\n\t\t<\/div>\n\t\t\t\t\t\t<\/div>\n\t\t\t\t<\/div>\n\t\t\t\t<div class=\"elementor-element elementor-element-033b378 sc_fly_static elementor-widget elementor-widget-text-editor\" data-id=\"033b378\" data-element_type=\"widget\" data-widget_type=\"text-editor.default\">\n\t\t\t\t<div class=\"elementor-widget-container\">\n\t\t\t\t\t\t\t\t\t<p>Vous trouverez ici des informations g\u00e9n\u00e9rales sur les drones correspondant au type de drone que nous vendons. Lors de l'achat de votre drone RC Killerbee, vous recevrez un code unique qui vous permettra d'acc\u00e9der \u00e0 des informations plus d\u00e9taill\u00e9es et \u00e0 des tutoriels vid\u00e9o sur le drone que vous avez achet\u00e9. Notre base de connaissances est l\u00e0 pour vous aider \u00e0 tirer le meilleur parti de votre nouveau drone et vous fournir les connaissances et les comp\u00e9tences dont vous avez besoin pour tirer le meilleur parti de votre drone Killerbee. Et pour vous donner un avant-go\u00fbt de ce que vous pouvez attendre d'un drone Killerbee.<\/p>\t\t\t\t\t\t\t\t<\/div>\n\t\t\t\t<\/div>\n\t\t\t\t<div class=\"elementor-element elementor-element-941c441 sc_height_medium sc_fly_static elementor-widget elementor-widget-spacer\" data-id=\"941c441\" data-element_type=\"widget\" data-widget_type=\"spacer.default\">\n\t\t\t\t<div class=\"elementor-widget-container\">\n\t\t\t\t\t\t\t<div class=\"elementor-spacer\">\n\t\t\t<div class=\"elementor-spacer-inner\"><\/div>\n\t\t<\/div>\n\t\t\t\t\t\t<\/div>\n\t\t\t\t<\/div>\n\t\t\t\t<div class=\"elementor-element elementor-element-737d608 sc_style_default sc_fly_static elementor-widget elementor-widget-trx_sc_blogger\" data-id=\"737d608\" data-element_type=\"widget\" data-widget_type=\"trx_sc_blogger.default\">\n\t\t\t\t<div class=\"elementor-widget-container\">\n\t\t\t\t\t<div \t\tclass=\"sc_blogger sc_blogger_default sc_blogger_default_over_bottom sc_item_filters_tabs_none alignnone\" ><div class=\"sc_blogger_columns_wrap sc_item_columns sc_item_posts_container trx_addons_columns_wrap columns_padding_bottom\" ><div class=\"trx_addons_column-1_2\"><div data-post-id=\"22423\" data-item-number=\"1\" class=\"sc_blogger_item sc_item_container post_container sc_blogger_item_default sc_blogger_item_default_over_bottom sc_blogger_item_odd sc_blogger_item_align_none post_format_standard sc_blogger_item_with_image sc_blogger_item_no_excerpt sc_blogger_item_image_position_top post-22423 page type-page status-publish has-post-thumbnail hentry\" ><div class=\"sc_blogger_item_body\"><div class=\"post_featured with_thumb hover_link sc_item_featured sc_blogger_item_featured post_featured_bg\" data-ratio=\"1:1\"><span class=\"post_thumb post_thumb_bg bg_in woohoo_inline_514751496\"><\/span>\t\t\t\t\t\t<div class=\"mask\"><\/div>\n\t\t\t\t\t\t<div class=\"post_info_bc\"><h5 class=\"sc_blogger_item_title entry-title\" data-item-number=\"1\"><a href=\"https:\/\/killerbeerc.com\/fr\/brushless-drone-vs-brushed-drone\/\" rel=\"bookmark\">brushless drone vs brushed drone<\/a><\/h5><div class=\"sc_blogger_item_button sc_item_button\"><a href=\"https:\/\/killerbeerc.com\/fr\/brushless-drone-vs-brushed-drone\/\" class=\"item_more_link\"><span class=\"link_text\">En savoir plus<\/span><span class=\"link_icon\"><\/span><\/a><\/div><\/div><a class=\"post_link sc_blogger_item_link\" href=\"https:\/\/killerbeerc.com\/fr\/brushless-drone-vs-brushed-drone\/\"><\/a>\t\t\t<a href=\"https:\/\/killerbeerc.com\/fr\/brushless-drone-vs-brushed-drone\/\"  aria-hidden=\"true\" class=\"link\"><\/a>\r\n\t\t\t<\/div><\/div><!-- .sc_blogger_item_body --><\/div><!-- .sc_blogger_item --><\/div><div class=\"trx_addons_column-1_2\"><div data-post-id=\"19953\" data-item-number=\"2\" class=\"sc_blogger_item sc_item_container post_container sc_blogger_item_default sc_blogger_item_default_over_bottom sc_blogger_item_even sc_blogger_item_align_none post_format_standard sc_blogger_item_with_image sc_blogger_item_no_excerpt sc_blogger_item_image_position_top post-19953 page type-page status-publish has-post-thumbnail hentry\" ><div class=\"sc_blogger_item_body\"><div class=\"post_featured with_thumb hover_link sc_item_featured sc_blogger_item_featured post_featured_bg\" data-ratio=\"1:1\"><span class=\"post_thumb post_thumb_bg bg_in woohoo_inline_881565245\"><\/span>\t\t\t\t\t\t<div class=\"mask\"><\/div>\n\t\t\t\t\t\t<div class=\"post_info_bc\"><h5 class=\"sc_blogger_item_title entry-title\" data-item-number=\"2\"><a href=\"https:\/\/killerbeerc.com\/fr\/wat-doet-een-optical-flow-sensor-op-een-drone\/\" rel=\"bookmark\">QUE FAIT UN CAPTEUR DE FLUX OPTIQUE SUR UN DRONE ?<\/a><\/h5><div class=\"sc_blogger_item_button sc_item_button\"><a href=\"https:\/\/killerbeerc.com\/fr\/wat-doet-een-optical-flow-sensor-op-een-drone\/\" class=\"item_more_link\"><span class=\"link_text\">En savoir plus<\/span><span class=\"link_icon\"><\/span><\/a><\/div><\/div><a class=\"post_link sc_blogger_item_link\" href=\"https:\/\/killerbeerc.com\/fr\/wat-doet-een-optical-flow-sensor-op-een-drone\/\"><\/a>\t\t\t<a href=\"https:\/\/killerbeerc.com\/fr\/wat-doet-een-optical-flow-sensor-op-een-drone\/\"  aria-hidden=\"true\" class=\"link\"><\/a>\r\n\t\t\t<\/div><\/div><!-- .sc_blogger_item_body --><\/div><!-- .sc_blogger_item --><\/div><div class=\"trx_addons_column-1_2\"><div data-post-id=\"19985\" data-item-number=\"3\" class=\"sc_blogger_item sc_item_container post_container sc_blogger_item_default sc_blogger_item_default_over_bottom sc_blogger_item_odd sc_blogger_item_align_none post_format_standard sc_blogger_item_with_image sc_blogger_item_no_excerpt sc_blogger_item_image_position_top post-19985 page type-page status-publish has-post-thumbnail hentry\" ><div class=\"sc_blogger_item_body\"><div class=\"post_featured with_thumb hover_link sc_item_featured sc_blogger_item_featured post_featured_bg\" data-ratio=\"1:1\"><span class=\"post_thumb post_thumb_bg bg_in woohoo_inline_1627916377\"><\/span>\t\t\t\t\t\t<div class=\"mask\"><\/div>\n\t\t\t\t\t\t<div class=\"post_info_bc\"><h5 class=\"sc_blogger_item_title entry-title\" data-item-number=\"3\"><a href=\"https:\/\/killerbeerc.com\/fr\/elementor-19985\/\" rel=\"bookmark\">Comment fonctionne l'\u00e9vitement d'obstacles sur un drone ?<\/a><\/h5><div class=\"sc_blogger_item_button sc_item_button\"><a href=\"https:\/\/killerbeerc.com\/fr\/elementor-19985\/\" class=\"item_more_link\"><span class=\"link_text\">En savoir plus<\/span><span class=\"link_icon\"><\/span><\/a><\/div><\/div><a class=\"post_link sc_blogger_item_link\" href=\"https:\/\/killerbeerc.com\/fr\/elementor-19985\/\"><\/a>\t\t\t<a href=\"https:\/\/killerbeerc.com\/fr\/elementor-19985\/\"  aria-hidden=\"true\" class=\"link\"><\/a>\r\n\t\t\t<\/div><\/div><!-- .sc_blogger_item_body --><\/div><!-- .sc_blogger_item --><\/div><div class=\"trx_addons_column-1_2\"><div data-post-id=\"20044\" data-item-number=\"4\" class=\"sc_blogger_item sc_item_container post_container sc_blogger_item_default sc_blogger_item_default_over_bottom sc_blogger_item_even sc_blogger_item_align_none post_format_standard sc_blogger_item_with_image sc_blogger_item_no_excerpt sc_blogger_item_image_position_top post-20044 page type-page status-publish has-post-thumbnail hentry\" ><div class=\"sc_blogger_item_body\"><div class=\"post_featured with_thumb hover_link sc_item_featured sc_blogger_item_featured post_featured_bg\" data-ratio=\"1:1\"><span class=\"post_thumb post_thumb_bg bg_in woohoo_inline_2111396316\"><\/span>\t\t\t\t\t\t<div class=\"mask\"><\/div>\n\t\t\t\t\t\t<div class=\"post_info_bc\"><h5 class=\"sc_blogger_item_title entry-title\" data-item-number=\"4\"><a href=\"https:\/\/killerbeerc.com\/fr\/wat-is-headless-mode-op-een-drone\/\" rel=\"bookmark\">Qu'est-ce que le mode sans t\u00eate d'un drone ?<\/a><\/h5><div class=\"sc_blogger_item_button sc_item_button\"><a href=\"https:\/\/killerbeerc.com\/fr\/wat-is-headless-mode-op-een-drone\/\" class=\"item_more_link\"><span class=\"link_text\">En savoir plus<\/span><span class=\"link_icon\"><\/span><\/a><\/div><\/div><a class=\"post_link sc_blogger_item_link\" href=\"https:\/\/killerbeerc.com\/fr\/wat-is-headless-mode-op-een-drone\/\"><\/a>\t\t\t<a href=\"https:\/\/killerbeerc.com\/fr\/wat-is-headless-mode-op-een-drone\/\"  aria-hidden=\"true\" class=\"link\"><\/a>\r\n\t\t\t<\/div><\/div><!-- .sc_blogger_item_body --><\/div><!-- .sc_blogger_item --><\/div><div class=\"trx_addons_column-1_2\"><div data-post-id=\"20027\" data-item-number=\"5\" class=\"sc_blogger_item sc_item_container post_container sc_blogger_item_default sc_blogger_item_default_over_bottom sc_blogger_item_odd sc_blogger_item_align_none post_format_standard sc_blogger_item_with_image sc_blogger_item_no_excerpt sc_blogger_item_image_position_top post-20027 page type-page status-publish has-post-thumbnail hentry\" ><div class=\"sc_blogger_item_body\"><div class=\"post_featured with_thumb hover_link sc_item_featured sc_blogger_item_featured post_featured_bg\" data-ratio=\"1:1\"><span class=\"post_thumb post_thumb_bg bg_in woohoo_inline_356450264\"><\/span>\t\t\t\t\t\t<div class=\"mask\"><\/div>\n\t\t\t\t\t\t<div class=\"post_info_bc\"><h5 class=\"sc_blogger_item_title entry-title\" data-item-number=\"5\"><a href=\"https:\/\/killerbeerc.com\/fr\/hoe-en-waarom-trim-je-een-killerbee-drone\/\" rel=\"bookmark\">hoe en waarom trim je een killerbee drone?<\/a><\/h5><div class=\"sc_blogger_item_button sc_item_button\"><a href=\"https:\/\/killerbeerc.com\/fr\/hoe-en-waarom-trim-je-een-killerbee-drone\/\" class=\"item_more_link\"><span class=\"link_text\">En savoir plus<\/span><span class=\"link_icon\"><\/span><\/a><\/div><\/div><a class=\"post_link sc_blogger_item_link\" href=\"https:\/\/killerbeerc.com\/fr\/hoe-en-waarom-trim-je-een-killerbee-drone\/\"><\/a>\t\t\t<a href=\"https:\/\/killerbeerc.com\/fr\/hoe-en-waarom-trim-je-een-killerbee-drone\/\"  aria-hidden=\"true\" class=\"link\"><\/a>\r\n\t\t\t<\/div><\/div><!-- .sc_blogger_item_body --><\/div><!-- .sc_blogger_item --><\/div><\/div><\/div>\t\t\t\t<\/div>\n\t\t\t\t<\/div>\n\t\t\t\t\t<\/div>\n\t\t<\/div>\n\t\t\t\t\t<\/div>\n\t\t<\/section>\n\t\t\t\t<\/div>","protected":false},"excerpt":{"rendered":"<p>Kennisbank Hier vind je algemene informatie over drones die aansluiten op het type drone die wij verkopen. Bij aankoop van jouw Killerbee RC drone ontvang je\u00a0een unieke code, waarmee je&hellip;<\/p>","protected":false},"author":1,"featured_media":0,"parent":0,"menu_order":0,"comment_status":"closed","ping_status":"closed","template":"","meta":{"footnotes":""},"class_list":["post-20073","page","type-page","status-publish","hentry"],"jetpack_sharing_enabled":true,"_links":{"self":[{"href":"https:\/\/killerbeerc.com\/fr\/wp-json\/wp\/v2\/pages\/20073","targetHints":{"allow":["GET"]}}],"collection":[{"href":"https:\/\/killerbeerc.com\/fr\/wp-json\/wp\/v2\/pages"}],"about":[{"href":"https:\/\/killerbeerc.com\/fr\/wp-json\/wp\/v2\/types\/page"}],"author":[{"embeddable":true,"href":"https:\/\/killerbeerc.com\/fr\/wp-json\/wp\/v2\/users\/1"}],"replies":[{"embeddable":true,"href":"https:\/\/killerbeerc.com\/fr\/wp-json\/wp\/v2\/comments?post=20073"}],"version-history":[{"count":20,"href":"https:\/\/killerbeerc.com\/fr\/wp-json\/wp\/v2\/pages\/20073\/revisions"}],"predecessor-version":[{"id":22756,"href":"https:\/\/killerbeerc.com\/fr\/wp-json\/wp\/v2\/pages\/20073\/revisions\/22756"}],"wp:attachment":[{"href":"https:\/\/killerbeerc.com\/fr\/wp-json\/wp\/v2\/media?parent=20073"}],"curies":[{"name":"wp","href":"https:\/\/api.w.org\/{rel}","templated":true}]}}