{"id":20044,"date":"2023-04-02T14:55:38","date_gmt":"2023-04-02T14:55:38","guid":{"rendered":"https:\/\/www.killerbeerc.com\/?page_id=20044"},"modified":"2023-04-02T17:17:06","modified_gmt":"2023-04-02T17:17:06","slug":"wat-is-headless-mode-op-een-drone","status":"publish","type":"page","link":"https:\/\/killerbeerc.com\/fr\/wat-is-headless-mode-op-een-drone\/","title":{"rendered":"Qu'est-ce que le mode sans t\u00eate d'un drone ?"},"content":{"rendered":"<div data-elementor-type=\"wp-page\" data-elementor-id=\"20044\" class=\"elementor elementor-20044\" data-elementor-post-type=\"page\">\n\t\t\t\t\t\t<section class=\"elementor-section elementor-top-section elementor-element elementor-element-7a49c5e scheme_dark elementor-section-stretched elementor-section-boxed elementor-section-height-default elementor-section-height-default sc_fly_static\" data-id=\"7a49c5e\" data-element_type=\"section\" data-settings=\"{&quot;background_background&quot;:&quot;classic&quot;,&quot;stretch_section&quot;:&quot;section-stretched&quot;}\">\n\t\t\t\t\t\t\t<div class=\"elementor-background-overlay\"><\/div>\n\t\t\t\t\t\t\t<div class=\"elementor-container elementor-column-gap-default\">\n\t\t\t\t\t<div class=\"elementor-column elementor-col-100 elementor-top-column elementor-element elementor-element-92ff081 sc_layouts_column_align_right sc_layouts_column sc-mobile_layouts_column_align_left sc_layouts_column sc_content_align_inherit sc_layouts_column_icons_position_left sc_fly_static\" data-id=\"92ff081\" data-element_type=\"column\">\n\t\t\t<div class=\"elementor-widget-wrap elementor-element-populated\">\n\t\t\t\t\t\t<div class=\"elementor-element elementor-element-b487c4d sc_height_huge sc_fly_static elementor-widget elementor-widget-spacer\" data-id=\"b487c4d\" data-element_type=\"widget\" data-widget_type=\"spacer.default\">\n\t\t\t\t<div class=\"elementor-widget-container\">\n\t\t\t\t\t\t\t<div class=\"elementor-spacer\">\n\t\t\t<div class=\"elementor-spacer-inner\"><\/div>\n\t\t<\/div>\n\t\t\t\t\t\t<\/div>\n\t\t\t\t<\/div>\n\t\t\t\t<div class=\"elementor-element elementor-element-735ef55 sc_fly_static elementor-widget elementor-widget-trx_sc_title\" data-id=\"735ef55\" data-element_type=\"widget\" data-widget_type=\"trx_sc_title.default\">\n\t\t\t\t<div class=\"elementor-widget-container\">\n\t\t\t\t\t<div\t\tclass=\"sc_title sc_title_default\" ><h1 class=\"sc_item_title sc_title_title sc_align_center sc_item_title_style_default sc_item_title_tag\"\n\t\t\t><span class=\"sc_item_title_text\">QU'EST-CE QUE LE MODE HEADLESS SUR UN DRONE ?<\/span><\/h1><\/div>\t\t\t\t<\/div>\n\t\t\t\t<\/div>\n\t\t\t\t<div class=\"elementor-element elementor-element-5aa9b6e sc_fly_static elementor-widget elementor-widget-spacer\" data-id=\"5aa9b6e\" data-element_type=\"widget\" data-widget_type=\"spacer.default\">\n\t\t\t\t<div class=\"elementor-widget-container\">\n\t\t\t\t\t\t\t<div class=\"elementor-spacer\">\n\t\t\t<div class=\"elementor-spacer-inner\"><\/div>\n\t\t<\/div>\n\t\t\t\t\t\t<\/div>\n\t\t\t\t<\/div>\n\t\t\t\t<div class=\"elementor-element elementor-element-f520426 sc_height_huge sc_fly_static elementor-widget elementor-widget-spacer\" data-id=\"f520426\" data-element_type=\"widget\" data-widget_type=\"spacer.default\">\n\t\t\t\t<div class=\"elementor-widget-container\">\n\t\t\t\t\t\t\t<div class=\"elementor-spacer\">\n\t\t\t<div class=\"elementor-spacer-inner\"><\/div>\n\t\t<\/div>\n\t\t\t\t\t\t<\/div>\n\t\t\t\t<\/div>\n\t\t\t\t\t<\/div>\n\t\t<\/div>\n\t\t\t\t\t<\/div>\n\t\t<\/section>\n\t\t\t\t<section class=\"elementor-section elementor-top-section elementor-element elementor-element-697caa3 elementor-section-boxed elementor-section-height-default elementor-section-height-default sc_fly_static\" data-id=\"697caa3\" data-element_type=\"section\">\n\t\t\t\t\t\t<div class=\"elementor-container elementor-column-gap-extended\">\n\t\t\t\t\t<div class=\"elementor-column elementor-col-100 elementor-top-column elementor-element elementor-element-aa16d26 sc_content_align_inherit sc_layouts_column_icons_position_left sc_fly_static\" data-id=\"aa16d26\" data-element_type=\"column\">\n\t\t\t<div class=\"elementor-widget-wrap elementor-element-populated\">\n\t\t\t\t\t\t<div class=\"elementor-element elementor-element-98ff349 sc_fly_static elementor-widget elementor-widget-spacer\" data-id=\"98ff349\" data-element_type=\"widget\" data-widget_type=\"spacer.default\">\n\t\t\t\t<div class=\"elementor-widget-container\">\n\t\t\t\t\t\t\t<div class=\"elementor-spacer\">\n\t\t\t<div class=\"elementor-spacer-inner\"><\/div>\n\t\t<\/div>\n\t\t\t\t\t\t<\/div>\n\t\t\t\t<\/div>\n\t\t\t\t\t<\/div>\n\t\t<\/div>\n\t\t\t\t\t<\/div>\n\t\t<\/section>\n\t\t\t\t<section class=\"elementor-section elementor-top-section elementor-element elementor-element-fa2b7ca elementor-section-stretched elementor-section-boxed elementor-section-height-default elementor-section-height-default sc_fly_static\" data-id=\"fa2b7ca\" data-element_type=\"section\" data-settings=\"{&quot;stretch_section&quot;:&quot;section-stretched&quot;}\">\n\t\t\t\t\t\t<div class=\"elementor-container elementor-column-gap-default\">\n\t\t\t\t\t<div class=\"elementor-column elementor-col-100 elementor-top-column elementor-element elementor-element-ae4a226 sc_content_align_inherit sc_layouts_column_icons_position_left sc_fly_static\" data-id=\"ae4a226\" data-element_type=\"column\">\n\t\t\t<div class=\"elementor-widget-wrap elementor-element-populated\">\n\t\t\t\t\t\t<div class=\"elementor-element elementor-element-b2cab5a sc_fly_static elementor-widget elementor-widget-text-editor\" data-id=\"b2cab5a\" data-element_type=\"widget\" data-widget_type=\"text-editor.default\">\n\t\t\t\t<div class=\"elementor-widget-container\">\n\t\t\t\t\t\t\t\t\t<p>Le mode Headless est une fonctionnalit\u00e9 pr\u00e9sente sur tous les drones Killerbee. Le mode Headless fait en sorte que le drone se d\u00e9place dans la direction indiqu\u00e9e par le pilote du drone sans tenir compte de l'orientation du drone lui-m\u00eame.<\/p><p>Par cons\u00e9quent, le drone est beaucoup plus facile \u00e0 manette.\u00a0<\/p><p>Exemples :<\/p><ol><li style=\"list-style-type: none;\"><ol><li>Le drone pointe son nez dans votre direction. Vous appuyez alors sur le manche plus droit vers l'arri\u00e8re, dans votre direction. Normalement, le drone devrait s'\u00e9loigner de vous. Comme vous avez activ\u00e9 le mode HEADLESS, le drone vole maintenant vers vous.<\/li><li>Le drone pointe son nez vers la gauche. Vous poussez le manche droit vers la droite. Normalement, le drone devrait maintenant s'\u00e9loigner de vous, vers l'avant. Avec le mode HEADLESS, le drone se dirige vers la droite.<\/li><\/ol><\/li><\/ol><p>Avec le mode HEADLESS, vous ne devez donc plus tenir compte de la direction vers laquelle le drone pointe. Le mouvement que vous indiquez avec le stick droit sera suivi par le drone. Il est toutefois important de calibrer correctement le drone. Pour ce faire, reportez-vous au manuel. Pour ce faire, vous devez vous tenir derri\u00e8re le drone, le nez dans la direction dans laquelle vous allez voler. Pendant le mode HEADLESS, vous ne devez pas vous en \u00e9carter. En effet, la manette ne cesse d'en tenir compte.<\/p><p>Cela s'explique par la technique utilis\u00e9e en mode headless. Celle-ci est assez simple. Normalement, la manette se base sur l'orientation du drone lui-m\u00eame. D\u00e9sormais, elle est d\u00e9termin\u00e9e par la boussole de la manette. Celle-ci indique la direction vers laquelle le pilote regarde, le mode headless utilise cette information pour d\u00e9terminer dans quel sens le drone doit voler suite \u00e0 une commande de la manette.<\/p><p>Le mode HEADLESS est donc une fonctionnalit\u00e9 utile pour les pilotes de drone novices qui souhaitent acqu\u00e9rir de l'exp\u00e9rience sans avoir \u00e0 se soucier de l'orientation du drone. En utilisant l'orientation de l'\u00e9metteur pour d\u00e9terminer la direction du drone, le mode headless facilite grandement le pilotage d'un drone.<\/p><p>Nos tutoriels vid\u00e9o, fournis gratuitement avec chaque drone, expliquent votre drone Killerbee sp\u00e9cifique. Vous avez encore des questions ? Prenez contact avec nous. Nous nous ferons un plaisir de vous aider.\u00a0<\/p>\t\t\t\t\t\t\t\t<\/div>\n\t\t\t\t<\/div>\n\t\t\t\t\t<\/div>\n\t\t<\/div>\n\t\t\t\t\t<\/div>\n\t\t<\/section>\n\t\t\t\t<\/div>","protected":false},"excerpt":{"rendered":"<p>Wat is headless mode op een drone? Headless mode is een functie die op iedere Killere drone aanwezig is. Headless mode zorgt ervoor dat de drone zich de kant op&hellip;<\/p>","protected":false},"author":1,"featured_media":20050,"parent":0,"menu_order":0,"comment_status":"closed","ping_status":"closed","template":"","meta":{"footnotes":""},"class_list":["post-20044","page","type-page","status-publish","has-post-thumbnail","hentry"],"jetpack_sharing_enabled":true,"_links":{"self":[{"href":"https:\/\/killerbeerc.com\/fr\/wp-json\/wp\/v2\/pages\/20044","targetHints":{"allow":["GET"]}}],"collection":[{"href":"https:\/\/killerbeerc.com\/fr\/wp-json\/wp\/v2\/pages"}],"about":[{"href":"https:\/\/killerbeerc.com\/fr\/wp-json\/wp\/v2\/types\/page"}],"author":[{"embeddable":true,"href":"https:\/\/killerbeerc.com\/fr\/wp-json\/wp\/v2\/users\/1"}],"replies":[{"embeddable":true,"href":"https:\/\/killerbeerc.com\/fr\/wp-json\/wp\/v2\/comments?post=20044"}],"version-history":[{"count":10,"href":"https:\/\/killerbeerc.com\/fr\/wp-json\/wp\/v2\/pages\/20044\/revisions"}],"predecessor-version":[{"id":20062,"href":"https:\/\/killerbeerc.com\/fr\/wp-json\/wp\/v2\/pages\/20044\/revisions\/20062"}],"wp:featuredmedia":[{"embeddable":true,"href":"https:\/\/killerbeerc.com\/fr\/wp-json\/wp\/v2\/media\/20050"}],"wp:attachment":[{"href":"https:\/\/killerbeerc.com\/fr\/wp-json\/wp\/v2\/media?parent=20044"}],"curies":[{"name":"wp","href":"https:\/\/api.w.org\/{rel}","templated":true}]}}