{"id":19706,"date":"2023-03-27T16:11:59","date_gmt":"2023-03-27T16:11:59","guid":{"rendered":"https:\/\/www.killerbeerc.com\/?page_id=19706"},"modified":"2025-01-14T20:06:09","modified_gmt":"2025-01-14T20:06:09","slug":"mijn-drone","status":"publish","type":"page","link":"https:\/\/killerbeerc.com\/fr\/mijn-drone\/","title":{"rendered":"Mijn drone"},"content":{"rendered":"<div data-elementor-type=\"wp-page\" data-elementor-id=\"19706\" class=\"elementor elementor-19706\" data-elementor-post-type=\"page\">\n\t\t\t\t\t\t<section class=\"elementor-section elementor-top-section elementor-element elementor-element-2866048 elementor-section-boxed elementor-section-height-default elementor-section-height-default sc_fly_static\" data-id=\"2866048\" data-element_type=\"section\">\n\t\t\t\t\t\t<div class=\"elementor-container elementor-column-gap-extended\">\n\t\t\t\t\t<div class=\"elementor-column elementor-col-100 elementor-top-column elementor-element elementor-element-f1df39a sc_content_align_inherit sc_layouts_column_icons_position_left sc_fly_static\" data-id=\"f1df39a\" data-element_type=\"column\">\n\t\t\t<div class=\"elementor-widget-wrap elementor-element-populated\">\n\t\t\t\t\t\t<div class=\"elementor-element elementor-element-d98bd83 sc_fly_static elementor-widget elementor-widget-heading\" data-id=\"d98bd83\" data-element_type=\"widget\" data-widget_type=\"heading.default\">\n\t\t\t\t<div class=\"elementor-widget-container\">\n\t\t\t\t\t<h2 class=\"elementor-heading-title elementor-size-default\">Mon KILLERBEE<\/h2>\t\t\t\t<\/div>\n\t\t\t\t<\/div>\n\t\t\t\t\t<\/div>\n\t\t<\/div>\n\t\t\t\t\t<\/div>\n\t\t<\/section>\n\t\t\t\t<section class=\"elementor-section elementor-top-section elementor-element elementor-element-7a3ddd5 elementor-section-boxed elementor-section-height-default elementor-section-height-default sc_fly_static\" data-id=\"7a3ddd5\" data-element_type=\"section\">\n\t\t\t\t\t\t<div class=\"elementor-container elementor-column-gap-extended\">\n\t\t\t\t\t<div class=\"elementor-column elementor-col-100 elementor-top-column elementor-element elementor-element-d46f366 sc_content_align_inherit sc_layouts_column_icons_position_left sc_fly_static\" data-id=\"d46f366\" data-element_type=\"column\">\n\t\t\t<div class=\"elementor-widget-wrap elementor-element-populated\">\n\t\t\t\t\t\t<div class=\"elementor-element elementor-element-9f71ce3 sc_fly_static elementor-widget elementor-widget-spacer\" data-id=\"9f71ce3\" data-element_type=\"widget\" data-widget_type=\"spacer.default\">\n\t\t\t\t<div class=\"elementor-widget-container\">\n\t\t\t\t\t\t\t<div class=\"elementor-spacer\">\n\t\t\t<div class=\"elementor-spacer-inner\"><\/div>\n\t\t<\/div>\n\t\t\t\t\t\t<\/div>\n\t\t\t\t<\/div>\n\t\t\t\t\t<\/div>\n\t\t<\/div>\n\t\t\t\t\t<\/div>\n\t\t<\/section>\n\t\t\t\t<section class=\"elementor-section elementor-top-section elementor-element elementor-element-952bc8e elementor-section-boxed elementor-section-height-default elementor-section-height-default sc_fly_static\" data-id=\"952bc8e\" data-element_type=\"section\">\n\t\t\t\t\t\t<div class=\"elementor-container elementor-column-gap-extended\">\n\t\t\t\t\t<div class=\"elementor-column elementor-col-50 elementor-top-column elementor-element elementor-element-06685a2 sc_content_align_inherit sc_layouts_column_icons_position_left sc_fly_static\" data-id=\"06685a2\" data-element_type=\"column\">\n\t\t\t<div class=\"elementor-widget-wrap elementor-element-populated\">\n\t\t\t\t\t\t<div class=\"elementor-element elementor-element-b982d00 sc_fly_static elementor-widget elementor-widget-text-editor\" data-id=\"b982d00\" data-element_type=\"widget\" data-widget_type=\"text-editor.default\">\n\t\t\t\t<div class=\"elementor-widget-container\">\n\t\t\t\t\t\t\t\t\t<p>Chaque drone Killerbee est livr\u00e9 avec un code unique qui vous donne acc\u00e8s \u00e0 \"My Killerbee\". Vous y trouverez une mine d'informations, telles que les cours vid\u00e9o, les manuels num\u00e9riques et des informations sur votre drone sp\u00e9cifique. Nous avons \u00e9galement des vid\u00e9os pratiques pour r\u00e9parer votre drone et vous pouvez rapidement voir quelles sont les pi\u00e8ces d\u00e9tach\u00e9es qui correspondent \u00e0 votre drone. Gr\u00e2ce \u00e0 ces informations, vous pouvez tirer le meilleur parti de votre drone Killerbee ! Activez d\u00e8s maintenant \"mon Killerbee\" en cliquant sur \"Ajouter un drone \/ Activer un bon d'achat \/ Activer un code de s\u00e9rie\" ci-dessous.<\/p>\t\t\t\t\t\t\t\t<\/div>\n\t\t\t\t<\/div>\n\t\t\t\t\t<\/div>\n\t\t<\/div>\n\t\t\t\t<div class=\"elementor-column elementor-col-50 elementor-top-column elementor-element elementor-element-4ea0aa7 sc_content_align_inherit sc_layouts_column_icons_position_left sc_fly_static\" data-id=\"4ea0aa7\" data-element_type=\"column\">\n\t\t\t<div class=\"elementor-widget-wrap elementor-element-populated\">\n\t\t\t\t\t\t<div class=\"elementor-element elementor-element-0465214 sc_fly_static elementor-widget elementor-widget-video\" data-id=\"0465214\" data-element_type=\"widget\" data-settings=\"{&quot;video_type&quot;:&quot;vimeo&quot;,&quot;autoplay&quot;:&quot;yes&quot;,&quot;play_on_mobile&quot;:&quot;yes&quot;}\" data-no-translation=\"\" data-widget_type=\"video.default\">\n\t\t\t\t<div class=\"elementor-widget-container\">\n\t\t\t\t\t<style>.elementor-element-0465214{display:none !important}<\/style>\t\t\t\t<\/div>\n\t\t\t\t<\/div>\n\t\t\t\t<div class=\"elementor-element elementor-element-cdd69f2 sc_fly_static elementor-widget elementor-widget-video\" data-id=\"cdd69f2\" data-element_type=\"widget\" data-settings=\"{&quot;video_type&quot;:&quot;vimeo&quot;,&quot;autoplay&quot;:&quot;yes&quot;,&quot;play_on_mobile&quot;:&quot;yes&quot;}\" data-no-translation=\"\" data-widget_type=\"video.default\">\n\t\t\t\t<div class=\"elementor-widget-container\">\n\t\t\t\t\t<style>.elementor-element-cdd69f2{display:none !important}<\/style>\t\t\t\t<\/div>\n\t\t\t\t<\/div>\n\t\t\t\t<div class=\"elementor-element elementor-element-e4c1b90 sc_fly_static elementor-widget elementor-widget-video\" data-id=\"e4c1b90\" data-element_type=\"widget\" data-settings=\"{&quot;video_type&quot;:&quot;vimeo&quot;,&quot;autoplay&quot;:&quot;yes&quot;,&quot;play_on_mobile&quot;:&quot;yes&quot;}\" data-no-translation=\"\" data-widget_type=\"video.default\">\n\t\t\t\t<div class=\"elementor-widget-container\">\n\t\t\t\t\t\t\t<div class=\"elementor-wrapper elementor-open-inline\">\n\t\t\t<iframe class=\"elementor-video-iframe\" allowfullscreen allow=\"autoplay\" title=\"Lecteur vid\u00e9o vimeo\" src=\"https:\/\/player.vimeo.com\/video\/841992907?autoplay=1&amp;playsinline=1&amp;color&amp;autopause=0&amp;loop=0&amp;muted=0&amp;title=1&amp;portrait=1&amp;byline=1#t=\"><\/iframe>\t\t<\/div>\n\t\t\t\t\t\t<\/div>\n\t\t\t\t<\/div>\n\t\t\t\t<div class=\"elementor-element elementor-element-afbb665 sc_fly_static elementor-widget elementor-widget-video\" data-id=\"afbb665\" data-element_type=\"widget\" data-settings=\"{&quot;video_type&quot;:&quot;vimeo&quot;,&quot;autoplay&quot;:&quot;yes&quot;,&quot;play_on_mobile&quot;:&quot;yes&quot;}\" data-no-translation=\"\" data-widget_type=\"video.default\">\n\t\t\t\t<div class=\"elementor-widget-container\">\n\t\t\t\t\t<style>.elementor-element-afbb665{display:none !important}<\/style>\t\t\t\t<\/div>\n\t\t\t\t<\/div>\n\t\t\t\t\t<\/div>\n\t\t<\/div>\n\t\t\t\t\t<\/div>\n\t\t<\/section>\n\t\t\t\t<section class=\"elementor-section elementor-top-section elementor-element elementor-element-0fac134 elementor-section-boxed elementor-section-height-default elementor-section-height-default sc_fly_static\" data-id=\"0fac134\" data-element_type=\"section\">\n\t\t\t\t\t\t<div class=\"elementor-container elementor-column-gap-extended\">\n\t\t\t\t\t<div class=\"elementor-column elementor-col-100 elementor-top-column elementor-element elementor-element-886af78 sc_content_align_inherit sc_layouts_column_icons_position_left sc_fly_static\" data-id=\"886af78\" data-element_type=\"column\">\n\t\t\t<div class=\"elementor-widget-wrap elementor-element-populated\">\n\t\t\t\t\t\t<div class=\"elementor-element elementor-element-736ea14 sc_fly_static elementor-widget elementor-widget-text-editor\" data-id=\"736ea14\" data-element_type=\"widget\" data-widget_type=\"text-editor.default\">\n\t\t\t\t<div class=\"elementor-widget-container\">\n\t\t\t\t\t\t\t\t\t<p><span style=\"color: #ff0000;\"><strong>Il existe deux variantes en circulation<\/strong><\/span><\/p><p>Variante 1 avec un code Voucher : ce code se trouve dans le livret jaune fourni avec votre drone.<\/p><p>Version 2 avec un code de s\u00e9rie : celui-ci se trouve \u00e0 l'arri\u00e8re de votre bo\u00eetier Killerbee.\u00a0<\/p>\t\t\t\t\t\t\t\t<\/div>\n\t\t\t\t<\/div>\n\t\t\t\t\t<\/div>\n\t\t<\/div>\n\t\t\t\t\t<\/div>\n\t\t<\/section>\n\t\t<div class=\"elementor-element elementor-element-1b8cf30 e-flex e-con-boxed sc_layouts_column_icons_position_left e-con e-parent\" data-id=\"1b8cf30\" data-element_type=\"container\">\n\t\t\t\t\t<div class=\"e-con-inner\">\n\t\t\t\t<div class=\"elementor-element elementor-element-17bf6e6 sc_fly_static elementor-widget elementor-widget-spacer\" data-id=\"17bf6e6\" data-element_type=\"widget\" data-widget_type=\"spacer.default\">\n\t\t\t\t<div class=\"elementor-widget-container\">\n\t\t\t\t\t\t\t<div class=\"elementor-spacer\">\n\t\t\t<div class=\"elementor-spacer-inner\"><\/div>\n\t\t<\/div>\n\t\t\t\t\t\t<\/div>\n\t\t\t\t<\/div>\n\t\t\t\t\t<\/div>\n\t\t\t\t<\/div>\n\t\t<div class=\"elementor-element elementor-element-4af9ec2 e-flex e-con-boxed sc_layouts_column_icons_position_left e-con e-parent\" data-id=\"4af9ec2\" data-element_type=\"container\">\n\t\t\t\t\t<div class=\"e-con-inner\">\n\t\t\t\t\t<\/div>\n\t\t\t\t<\/div>\n\t\t<div class=\"elementor-element elementor-element-00be6f2 e-flex e-con-boxed sc_layouts_column_icons_position_left e-con e-parent\" data-id=\"00be6f2\" data-element_type=\"container\">\n\t\t\t\t\t<div class=\"e-con-inner\">\n\t\t\t\t<div class=\"elementor-element elementor-element-c9bf8b6 sc_fly_static elementor-widget elementor-widget-text-editor\" data-id=\"c9bf8b6\" data-element_type=\"widget\" data-widget_type=\"text-editor.default\">\n\t\t\t\t<div class=\"elementor-widget-container\">\n\t\t\t\t\t\t\t\t\t<p style=\"text-align: center;\">Je moet Ingelogd zijn om een drone te kunnen activeren.\u00a0<\/p>\t\t\t\t\t\t\t\t<\/div>\n\t\t\t\t<\/div>\n\t\t\t\t\t<\/div>\n\t\t\t\t<\/div>\n\t\t\t\t<section class=\"elementor-section elementor-top-section elementor-element elementor-element-f287d46 elementor-section-stretched elementor-section-boxed elementor-section-height-default elementor-section-height-default sc_fly_static\" data-id=\"f287d46\" data-element_type=\"section\" data-settings=\"{&quot;stretch_section&quot;:&quot;section-stretched&quot;,&quot;background_background&quot;:&quot;classic&quot;}\">\n\t\t\t\t\t\t<div class=\"elementor-container elementor-column-gap-extended\">\n\t\t\t\t\t<div class=\"elementor-column elementor-col-100 elementor-top-column elementor-element elementor-element-e70b9f4 sc_content_align_inherit sc_layouts_column_icons_position_left sc_fly_static\" data-id=\"e70b9f4\" data-element_type=\"column\">\n\t\t\t<div class=\"elementor-widget-wrap elementor-element-populated\">\n\t\t\t\t\t\t<div class=\"elementor-element elementor-element-4328c33 sc_fly_static elementor-widget elementor-widget-spacer\" data-id=\"4328c33\" data-element_type=\"widget\" data-widget_type=\"spacer.default\">\n\t\t\t\t<div class=\"elementor-widget-container\">\n\t\t\t\t\t\t\t<div class=\"elementor-spacer\">\n\t\t\t<div class=\"elementor-spacer-inner\"><\/div>\n\t\t<\/div>\n\t\t\t\t\t\t<\/div>\n\t\t\t\t<\/div>\n\t\t\t\t\t<\/div>\n\t\t<\/div>\n\t\t\t\t\t<\/div>\n\t\t<\/section>\n\t\t\t\t<\/div>","protected":false},"excerpt":{"rendered":"<p>Mijn KILLERBEE Elke Killerbee drone wordt geleverd met een unieke code, waarmee je toegang krijgt tot &#8220;Mijn Killerbee&#8221;. Hier vind je een schat aan informatie, zoals de video cursussen, digitale&hellip;<\/p>","protected":false},"author":1,"featured_media":0,"parent":0,"menu_order":0,"comment_status":"closed","ping_status":"closed","template":"","meta":{"footnotes":""},"class_list":["post-19706","page","type-page","status-publish","hentry"],"jetpack_sharing_enabled":true,"_links":{"self":[{"href":"https:\/\/killerbeerc.com\/fr\/wp-json\/wp\/v2\/pages\/19706","targetHints":{"allow":["GET"]}}],"collection":[{"href":"https:\/\/killerbeerc.com\/fr\/wp-json\/wp\/v2\/pages"}],"about":[{"href":"https:\/\/killerbeerc.com\/fr\/wp-json\/wp\/v2\/types\/page"}],"author":[{"embeddable":true,"href":"https:\/\/killerbeerc.com\/fr\/wp-json\/wp\/v2\/users\/1"}],"replies":[{"embeddable":true,"href":"https:\/\/killerbeerc.com\/fr\/wp-json\/wp\/v2\/comments?post=19706"}],"version-history":[{"count":453,"href":"https:\/\/killerbeerc.com\/fr\/wp-json\/wp\/v2\/pages\/19706\/revisions"}],"predecessor-version":[{"id":22750,"href":"https:\/\/killerbeerc.com\/fr\/wp-json\/wp\/v2\/pages\/19706\/revisions\/22750"}],"wp:attachment":[{"href":"https:\/\/killerbeerc.com\/fr\/wp-json\/wp\/v2\/media?parent=19706"}],"curies":[{"name":"wp","href":"https:\/\/api.w.org\/{rel}","templated":true}]}}