{"id":22331,"date":"2024-10-09T21:19:27","date_gmt":"2024-10-09T21:19:27","guid":{"rendered":"https:\/\/www.killerbeerc.com\/?post_type=product&#038;p=22331"},"modified":"2024-10-09T22:24:21","modified_gmt":"2024-10-09T22:24:21","slug":"x1-se-sky-predator-ultra-fly-more-combo","status":"publish","type":"product","link":"https:\/\/killerbeerc.com\/de\/produkt\/x1-se-sky-predator-ultra-fly-more-combo\/","title":{"rendered":"X1 SE Sky Predator Ultra Fly More Kombi"},"content":{"rendered":"<p>Der X1 SE Sky Predator ist mit zwei Kameras f\u00fcr die Aufnahme von Fotos und Videos aus verschiedenen Blickwinkeln ausgestattet. Die Frontkamera, die Sie aus der Ferne um 90 Grad schwenken k\u00f6nnen, bietet zusammen mit dem optischen Str\u00f6mungssensor einen stabileren Flug mit weniger Korrekturen. Dar\u00fcber hinaus verringert die Hindernisvermeidung das Risiko von Kollisionen. Mit einer Flugzeit von 12 Minuten pro Akku und vier mitgelieferten Batterien haben Sie eine Gesamtflugzeit von 48 Minuten.<\/p>\n<p>Die Drohne wird mit einer luxuri\u00f6sen Aufbewahrungstasche geliefert, in die die Drohne, der Controller und die Batterien passen.<\/p>\n<p>&nbsp;<\/p>\n<p><strong>Leistungsstarke b\u00fcrstenlose Motoren<\/strong><\/p>\n<p>Der X1 SE Sky Predator ist mit den neuesten b\u00fcrstenlosen Motoren ausgestattet. Diese Motoren bieten mehr Leistung und Effizienz im Vergleich zu Standardmotoren, was zu einer l\u00e4ngeren Lebensdauer, einem leiseren Betrieb und einer verbesserten Leistung f\u00fchrt.<\/p>\n<p>&nbsp;<\/p>\n<p><strong>Killerbee Schnellreparatursystem<\/strong><\/p>\n<p>Dank des neuen Killerbee Quick Repair Systems k\u00f6nnen Teile einfach und schnell ausgetauscht werden, ohne dass L\u00f6tarbeiten oder andere komplizierte Vorg\u00e4nge erforderlich sind. Das bedeutet, dass Sie mehr Zeit in der Luft und weniger Zeit mit der Wartung verbringen.<\/p>\n<p>&nbsp;<\/p>\n<p><strong>Geeignet f\u00fcr alle<\/strong><\/p>\n<p>Mit seiner einfachen Steuerung und seinen fortschrittlichen Funktionen ist der X1 SE Sky Predator ideal f\u00fcr Kinder und Erwachsene, die ihre ersten Schritte in die Welt der Drohnen machen wollen.<\/p>\n<p>&nbsp;<\/p>\n<p><strong>Kein Flugschein erforderlich!<\/strong><\/p>\n<p>Der X1 SE Sky Predator wiegt nur 168 Gramm, so dass kein Pilotenschein erforderlich ist. Packen Sie sie aus und begeben Sie sich direkt auf ein Abenteuer in der Welt der Killerbee-Drohnen!<\/p>\n<p>&nbsp;<\/p>\n<p><strong>Doppelt geneigte Kamera mit Live-Bildanzeige<\/strong><\/p>\n<p>Das X1 SE verf\u00fcgt \u00fcber eine Dual-Kamera, eine auf der Vorderseite und eine auf der Unterseite, die w\u00e4hrend des Fluges Live-Bilder an Ihr Smartphone sendet. Sie k\u00f6nnen die Frontkamera um 90 Grad neigen und zwischen den Kameras wechseln, um verschiedene Perspektiven zu erhalten.<\/p>\n<p>&nbsp;<\/p>\n<p><strong>Hindernisvermeidung**<\/strong><\/p>\n<p>Die Hindernisvermeidungsfunktion sorgt daf\u00fcr, dass die Drohne automatisch stoppt, wenn sie Hindernisse erkennt, und verringert so Kollisionssch\u00e4den. Mit dem neuen Chip kann diese Funktion f\u00fcr den Einsatz in engen Innenr\u00e4umen ausgeschaltet werden.<\/p>\n<p>&nbsp;<\/p>\n<p><strong>Optischer Durchflusssensor<\/strong><\/p>\n<p>Der optische Flusssensor erkennt die Bewegung relativ zum Boden und sorgt f\u00fcr einen stabileren Flug auch bei leichtem Wind, was Anf\u00e4ngern das Fliegen erleichtert. Infolgedessen sind beim Fliegen viel weniger Korrekturen erforderlich.<\/p>\n<p>&nbsp;<\/p>\n<p><strong>Kostenloser Killerbee RC Videokurs<\/strong><\/p>\n<p>Mit dem Kauf des X1 SE Sky Predator erhalten Sie einen Gutscheincode f\u00fcr unseren praktischen Online-Videokurs. In nur 10 Minuten erlernen Sie die grundlegenden F\u00e4higkeiten zur Steuerung Ihrer Drohne, sodass Sie schnell mit dem Fliegen beginnen und Ihre F\u00e4higkeiten ohne komplizierte Anleitungen verbessern k\u00f6nnen.<\/p>\n<p>&nbsp;<\/p>\n<p><strong>Noch mehr Funktionen:<\/strong><\/p>\n<ul>\n<li>360-Grad-Stunts: Lassen Sie die Drohne beeindruckende Purzelb\u00e4ume schlagen<\/li>\n<li>Einstellbare Geschwindigkeit:** einschlie\u00dflich eines Sportmodus<\/li>\n<li>Automatisches Starten und Landen<\/li>\n<li>Follow-me-Modus: Die Drohne folgt Ihnen anhand der Kamera<\/li>\n<li>Der X1 SE Sky Predator ist die perfekte Wahl f\u00fcr alle, die eine erschwingliche, hochwertige Drohne mit fortschrittlichen Funktionen und einfacher Bedienung suchen.<\/li>\n<\/ul>\n<p>&nbsp;<\/p>\n<p>** Die Hindernisvermeidung ist keine Garantie daf\u00fcr, dass die Drohne nicht abst\u00fcrzt oder besch\u00e4digt wird. Fliegen Sie immer vorsichtig.<\/p>","protected":false},"excerpt":{"rendered":"<p>Lernen Sie die X1 SE Sky Predator kennen, die neueste Drohne von Killerbee und Nachfolgerin des meistverkauften Modells, der X1. Diese Drohne bietet eine Reihe von Verbesserungen, darunter leistungsstarke b\u00fcrstenlose Motoren und das innovative Killerbee-Schnellreparatursystem, wodurch sie sich sowohl f\u00fcr Kinder als auch f\u00fcr Erwachsene eignet, die eine einfach zu bedienende Einsteigerdrohne suchen.<\/p>","protected":false},"featured_media":22344,"comment_status":"closed","ping_status":"closed","template":"","meta":[],"product_cat":[74,180],"product_tag":[],"class_list":{"0":"post-22331","1":"product","2":"type-product","3":"status-publish","4":"has-post-thumbnail","6":"product_cat-drones","7":"product_cat-ultra-fly-more-combo","9":"first","10":"instock","11":"taxable","12":"shipping-taxable","13":"purchasable","14":"product-type-simple"},"jetpack_sharing_enabled":true,"_links":{"self":[{"href":"https:\/\/killerbeerc.com\/de\/wp-json\/wp\/v2\/product\/22331","targetHints":{"allow":["GET"]}}],"collection":[{"href":"https:\/\/killerbeerc.com\/de\/wp-json\/wp\/v2\/product"}],"about":[{"href":"https:\/\/killerbeerc.com\/de\/wp-json\/wp\/v2\/types\/product"}],"replies":[{"embeddable":true,"href":"https:\/\/killerbeerc.com\/de\/wp-json\/wp\/v2\/comments?post=22331"}],"version-history":[{"count":3,"href":"https:\/\/killerbeerc.com\/de\/wp-json\/wp\/v2\/product\/22331\/revisions"}],"predecessor-version":[{"id":22334,"href":"https:\/\/killerbeerc.com\/de\/wp-json\/wp\/v2\/product\/22331\/revisions\/22334"}],"wp:featuredmedia":[{"embeddable":true,"href":"https:\/\/killerbeerc.com\/de\/wp-json\/wp\/v2\/media\/22344"}],"wp:attachment":[{"href":"https:\/\/killerbeerc.com\/de\/wp-json\/wp\/v2\/media?parent=22331"}],"wp:term":[{"taxonomy":"product_cat","embeddable":true,"href":"https:\/\/killerbeerc.com\/de\/wp-json\/wp\/v2\/product_cat?post=22331"},{"taxonomy":"product_tag","embeddable":true,"href":"https:\/\/killerbeerc.com\/de\/wp-json\/wp\/v2\/product_tag?post=22331"}],"curies":[{"name":"wp","href":"https:\/\/api.w.org\/{rel}","templated":true}]}}