{"id":20461,"date":"2023-05-05T21:38:37","date_gmt":"2023-05-05T21:38:37","guid":{"rendered":"https:\/\/www.killerbeerc.com\/?post_type=product&#038;p=20461"},"modified":"2024-10-09T21:11:27","modified_gmt":"2024-10-09T21:11:27","slug":"killerbee-fx4-falcon-fly-more-combo","status":"publish","type":"product","link":"https:\/\/killerbeerc.com\/de\/produkt\/killerbee-fx4-falcon-fly-more-combo\/","title":{"rendered":"Killerbee FX4 Falcon Fly More Combo"},"content":{"rendered":"<p><strong>F\u00fcr Kinder und Erwachsene gleicherma\u00dfen<\/strong><br \/>\nDie FX4 Falcon eignet sich hervorragend f\u00fcr Kinder und Erwachsene, um das Fliegen mit Drohnen kennenzulernen. Die Drohne ist sehr benutzerfreundlich. Der optische Flusssensor und die Hindernisvermeidung machen sie zur idealen Drohne f\u00fcr Anf\u00e4nger, um das Fliegen mit Drohnen zu erlernen.<\/p>\n<p><strong>Kein Flugschein erforderlich!<\/strong><br \/>\nMit einem Gewicht von 168 Gramm ist f\u00fcr den FX4 Falcon kein Flugschein erforderlich. Auspacken und sofort in die magische Welt der Killerbee-Drohnen eintauchen!<\/p>\n<p><strong>Eine doppelt schwenkbare Kamera mit Live-Bild\u00fcbertragung auf dein Telefon!<\/strong><br \/>\nDie Killerbee FX4 Falcon verf\u00fcgt \u00fcber eine Doppelkamera. Eine Kamera befindet sich an der Vorderseite und eine weitere an der Unterseite der Drohne. W\u00e4hrend des Fluges wird das Live-Bild der Drohne auf dein Handy \u00fcbertragen. Du kannst w\u00e4hrend des Fluges die Kamera an der Vorderseite um 90 Grad kippen und zur Kamera an der Unterseite wechseln.<\/p>\n<p><strong>Hindernisvermeidung<\/strong><br \/>\nDie Hindernisvermeidungsfunktion des FX4 Falcon bewirkt, dass die Drohne beim Erkennen eines Hindernisses w\u00e4hrend des Fluges abbremst oder stoppt. Dadurch wird die Gefahr von Kollisionen reduziert und die Drohne vor Sch\u00e4den gesch\u00fctzt. Der FX4 Falcon ist mit einem neuen Chip ausgestattet, der es erm\u00f6glicht, die Hindernisvermeidungsfunktion auszuschalten. Dadurch kann die Drohne auch ohne Hindernisvermeidung in engen Innenr\u00e4umen verwendet werden.<\/p>\n<p><strong>Optical flow sensor<\/strong><br \/>\nDer FX4 Falcon ist mit einem optischen Flusssensor ausgestattet. Dieser Sensor erkennt die Bewegung der Drohne in Bezug auf den Boden und erm\u00f6glicht es ihr, eine stabilere Position zu halten. Selbst bei leichtem Wind oder anderen St\u00f6rungen hilft der optische Flusssensor der Drohne, an Ort und Stelle zu bleiben. Diese Funktion ist besonders f\u00fcr Anf\u00e4nger von Vorteil, da sie weniger h\u00e4ufige Korrekturen erfordert und das Erlernen des Drohnenfliegens erleichtert.<\/p>\n<p><strong><strong>Kostenloser Videokurs<\/strong><\/strong><br \/>\nWir m\u00f6chten, dass du das Beste aus deinem Flugerlebnis herausholst. Deshalb erh\u00e4ltst du beim Kauf einer Killerbee-Drohne einen einzigartigen Gutscheincode f\u00fcr unseren einfachen und praktischen Online-Video-Kurs. In nur 10 Minuten lernst du die Grundlagen der Drohnensteuerung, sodass du sofort mit dem Fliegen beginnen und deine F\u00e4higkeiten schnell verbessern kannst. Auf diese Weise kannst du die faszinierende Welt des Drohnenfliegens entdecken, ohne eine Anleitung lesen zu m\u00fcssen!<\/p>\n<p><strong><strong>Weitere Optionen<\/strong><\/strong><\/p>\n<ul>\n<li>360-Grad-Stunts<\/li>\n<li>Zwei verschiedene Geschwindigkeitsmodi<\/li>\n<\/ul>\n<p>De Killerbee FX4 Falcon drone is de ideale keuze voor iedereen die op zoek is naar een betaalbare en hoogwaardige drone met geavanceerde functies en gebruiksgemak.<\/p>","protected":false},"excerpt":{"rendered":"<p class=\"translation-block\">Lernen Sie die Killerbee FX4 Falcon Drohne kennen. Dies ist die perfekte Wahl f\u00fcr <strong>Kinder<\/strong> und <strong>Erwachsene<\/strong>, die eine vielseitige und benutzerfreundliche Drohne suchen. Die Drohne verf\u00fcgt \u00fcber eine <strong>doppelte Kamera<\/strong>, mit der Sie wundersch\u00f6ne Fotos und Videos aus verschiedenen Blickwinkeln aufnehmen k\u00f6nnen. Die Frontkamera der Drohne ist mit einer <strong>Gimbal<\/strong> ausgestattet, die sich ferngesteuert um <strong>90 Grad<\/strong> neigen l\u00e4sst. Der <strong>optische Flusssensor<\/strong> sorgt f\u00fcr einen stabileren Flug und erfordert weniger Korrekturen. Dar\u00fcber hinaus verf\u00fcgt die Drohne \u00fcber eine <strong>Hindernisvermeidung<\/strong>, wodurch die Gefahr von Kollisionen verringert wird. Mit einer Flugzeit von 11 Minuten pro Batterie wird diese Fly More Combo mit <strong>3 Batterien<\/strong> geliefert, was eine Gesamtflugzeit von <strong>33 Minuten<\/strong> erm\u00f6glicht!<\/p>","protected":false},"featured_media":21212,"comment_status":"closed","ping_status":"closed","template":"","meta":[],"product_cat":[74,179],"product_tag":[237,235,236],"class_list":{"0":"post-20461","1":"product","2":"type-product","3":"status-publish","4":"has-post-thumbnail","6":"product_cat-drones","7":"product_cat-fly-more-combo","8":"product_tag-fx-series","9":"product_tag-obstakelontwijking","10":"product_tag-opticalflow","11":"product_shipping_class-pakketpost","13":"first","14":"outofstock","15":"taxable","16":"shipping-taxable","17":"purchasable","18":"product-type-simple"},"jetpack_sharing_enabled":true,"_links":{"self":[{"href":"https:\/\/killerbeerc.com\/de\/wp-json\/wp\/v2\/product\/20461","targetHints":{"allow":["GET"]}}],"collection":[{"href":"https:\/\/killerbeerc.com\/de\/wp-json\/wp\/v2\/product"}],"about":[{"href":"https:\/\/killerbeerc.com\/de\/wp-json\/wp\/v2\/types\/product"}],"replies":[{"embeddable":true,"href":"https:\/\/killerbeerc.com\/de\/wp-json\/wp\/v2\/comments?post=20461"}],"version-history":[{"count":6,"href":"https:\/\/killerbeerc.com\/de\/wp-json\/wp\/v2\/product\/20461\/revisions"}],"predecessor-version":[{"id":21173,"href":"https:\/\/killerbeerc.com\/de\/wp-json\/wp\/v2\/product\/20461\/revisions\/21173"}],"wp:featuredmedia":[{"embeddable":true,"href":"https:\/\/killerbeerc.com\/de\/wp-json\/wp\/v2\/media\/21212"}],"wp:attachment":[{"href":"https:\/\/killerbeerc.com\/de\/wp-json\/wp\/v2\/media?parent=20461"}],"wp:term":[{"taxonomy":"product_cat","embeddable":true,"href":"https:\/\/killerbeerc.com\/de\/wp-json\/wp\/v2\/product_cat?post=20461"},{"taxonomy":"product_tag","embeddable":true,"href":"https:\/\/killerbeerc.com\/de\/wp-json\/wp\/v2\/product_tag?post=20461"}],"curies":[{"name":"wp","href":"https:\/\/api.w.org\/{rel}","templated":true}]}}