{"id":20455,"date":"2023-05-05T21:34:44","date_gmt":"2023-05-05T21:34:44","guid":{"rendered":"https:\/\/www.killerbeerc.com\/?post_type=product&#038;p=20455"},"modified":"2024-09-04T13:45:02","modified_gmt":"2024-09-04T13:45:02","slug":"killerbee-fx3-super-hornet-fly-more-combo","status":"publish","type":"product","link":"https:\/\/killerbeerc.com\/de\/produkt\/killerbee-fx3-super-hornet-fly-more-combo\/","title":{"rendered":"Killerbee FX3 Super Hornet Fly More Combo"},"content":{"rendered":"<div data-elementor-type=\"product-post\" data-elementor-id=\"20455\" class=\"elementor elementor-20455\" data-elementor-post-type=\"product\">\n\t\t\t\t\t\t<section class=\"elementor-section elementor-top-section elementor-element elementor-element-5b9bd609 elementor-section-boxed elementor-section-height-default elementor-section-height-default sc_fly_static\" data-id=\"5b9bd609\" data-element_type=\"section\">\n\t\t\t\t\t\t<div class=\"elementor-container elementor-column-gap-extended\">\n\t\t\t\t\t<div class=\"elementor-column elementor-col-100 elementor-top-column elementor-element elementor-element-66cca90e sc_content_align_inherit sc_layouts_column_icons_position_left sc_fly_static\" data-id=\"66cca90e\" data-element_type=\"column\">\n\t\t\t<div class=\"elementor-widget-wrap elementor-element-populated\">\n\t\t\t\t\t\t<div class=\"elementor-element elementor-element-12c07f3e sc_fly_static elementor-widget elementor-widget-text-editor\" data-id=\"12c07f3e\" data-element_type=\"widget\" data-widget_type=\"text-editor.default\">\n\t\t\t\t<div class=\"elementor-widget-container\">\n\t\t\t\t\t\t\t\t\t<section class=\"slot slot--description slot--seperated slot--seperated--has-more-content js_slot-description\" data-group-name=\"ProductDescription\" data-bltgg=\"q--LHbGuKfPszvszTbpF5g.2_37\"><div data-test=\"product-description\" data-bltgi=\"q--LHbGuKfPszvszTbpF5g.2_37.38\"><div class=\"js_show-more-description show-more active\"><div class=\"js_show-more-holder show-more-holder show-more--l product-tracklists-show-more--animate\"><div class=\"js_description_content js_show-more-content\"><div class=\"product-description\" data-test=\"description\"><section class=\"slot slot--description slot--seperated slot--seperated--has-more-content js_slot-description\" data-group-name=\"ProductDescription\" data-bltgg=\"q--LHbGuKfPszvszTbpF5g.2_37\"><div data-test=\"product-description\" data-bltgi=\"q--LHbGuKfPszvszTbpF5g.2_37.38\"><div class=\"js_show-more-description show-more active\"><div class=\"js_show-more-holder show-more-holder show-more--l product-tracklists-show-more--animate\"><div class=\"js_description_content js_show-more-content\"><div class=\"product-description\" data-test=\"description\"><strong>F\u00fcr Kinder und Erwachsene gleicherma\u00dfen<\/strong><\/div><div class=\"product-description translation-block\" data-test=\"description\">Die FX3 Super Hornet eignet sich hervorragend f\u00fcr Kinder und Erwachsene, um das Fliegen von Drohnen kennenzulernen. Die Drohne ist sehr benutzerfreundlich. Der optische Flusssensor und die Hindernisvermeidung machen sie zur idealen Drohne, um das Fliegen mit Drohnen zu erlernen.<\/div><\/div><\/div><\/div><\/div><div data-test=\"description\">\u00a0<\/div><div data-test=\"description\"><strong style=\"font-size: 1rem; letter-spacing: 0.1px;\">Kein Flugschein erforderlich!<\/strong><\/div><\/section><section class=\"slot slot--description slot--seperated slot--seperated--has-more-content js_slot-description\" data-group-name=\"ProductDescription\" data-bltgg=\"q--LHbGuKfPszvszTbpF5g.2_37\"><div data-test=\"product-description\" data-bltgi=\"q--LHbGuKfPszvszTbpF5g.2_37.38\"><div class=\"js_show-more-description show-more active\"><div class=\"js_show-more-holder show-more-holder show-more--l product-tracklists-show-more--animate\"><div class=\"js_description_content js_show-more-content\"><div class=\"product-description\" data-test=\"description\">Mit einem Gewicht von 117 Gramm ist f\u00fcr die FX3 Super Hornet kein Flugschein erforderlich. Einfach auspacken und direkt in die magische Welt der Killerbee-Drohnen eintauchen!<\/div><div data-test=\"description\">\u00a0<\/div><div class=\"product-description\" data-test=\"description\"><strong>Eine doppelt schwenkbare Kamera mit Live-Bild\u00fcbertragung auf dein Telefon!<\/strong><\/div><div class=\"product-description translation-block\" data-test=\"description\">Die Killerbee FX3 Super Hornet verf\u00fcgt \u00fcber eine doppelte Kamera. Eine befindet sich an der Vorderseite und eine an der Unterseite der Drohne. W\u00e4hrend des Fluges liefert die Drohne <strong>Live-Videobilder<\/strong> auf dein Telefon. Es ist m\u00f6glich, die Kamera an der Vorderseite um <strong>90 Grad zu neigen<\/strong> und w\u00e4hrend des Fluges zur Kamera an der Unterseite zu wechseln.<\/div><div data-test=\"description\">\u00a0<\/div><div class=\"product-description\" data-test=\"description\"><strong>Hindernisvermeidung<\/strong><\/div><div class=\"product-description translation-block\" data-test=\"description\">Die Hindernisvermeidung sorgt daf\u00fcr, dass die Drohne w\u00e4hrend des Fluges abbremst, wenn ein Hindernis erkannt wird. Dadurch wird das Risiko von Kollisionen bei der FX3 <strong>vermindert<\/strong> und Sch\u00e4den an der Drohne werden vermieden. Die FX3 ist mit einem <strong>neuen Chip<\/strong> ausgestattet, mit dem die Hindernisvermeidung deaktiviert werden kann. Dadurch kann die Drohne beispielsweise in engen Innenr\u00e4umen auch ohne Hindernisvermeidung eingesetzt werden.<\/div><div data-test=\"description\">\u00a0<\/div><div class=\"product-description\" data-test=\"description\"><strong>Optical flow sensor<\/strong><\/div><div class=\"product-description translation-block\" data-test=\"description\">Die FX3 Super Hornet verf\u00fcgt \u00fcber einen optischen Flusssensor. Dieser optische Flusssensor erkennt die Bewegung der Drohne im Verh\u00e4ltnis zum Boden und tr\u00e4gt dazu bei, dass die Drohne besser in Position bleibt. Selbst bei leichtem Wind oder anderen St\u00f6rungen bleibt die Drohne stabil. Dies erleichtert Anf\u00e4ngern das Lernen des Fliegens, da weniger Korrekturen erforderlich sind.<\/div><div data-test=\"description\">\u00a0<\/div><div class=\"product-description\" data-test=\"description\"><strong><strong>Kostenloser Videokurs<\/strong><\/strong><\/div><div class=\"product-description\" data-test=\"description\">Wir m\u00f6chten, dass du das Beste aus deinem Flugerlebnis herausholst. Deshalb erh\u00e4ltst du beim Kauf einer Killerbee-Drohne einen einzigartigen Gutscheincode f\u00fcr unseren einfachen und praktischen Online-Video-Kurs. In nur 10 Minuten lernst du die Grundlagen der Drohnensteuerung, sodass du sofort mit dem Fliegen beginnen und deine F\u00e4higkeiten schnell verbessern kannst. Auf diese Weise kannst du die faszinierende Welt des Drohnenfliegens entdecken, ohne eine Anleitung lesen zu m\u00fcssen!<\/div><div data-test=\"description\">\u00a0<\/div><div class=\"product-description\" data-test=\"description\"><p><strong><strong>Weitere Optionen<\/strong><\/strong><\/p><ul><li>360-Grad-Stunts<\/li><li>Zwei verschiedene Geschwindigkeitsmodi<\/li><\/ul><p><span style=\"font-size: 1rem; letter-spacing: 0.1px;\">Die Killerbee FX3 Super Hornet Drohne ist die ideale Wahl f\u00fcr alle, die nach einer erschwinglichen und hochwertigen Drohne mit fortschrittlichen Funktionen und Benutzerfreundlichkeit suchen.<\/span><\/p><\/div><\/div><\/div><\/div><\/div><\/section><\/div><\/div><\/div><\/div><\/div><\/section>\t\t\t\t\t\t\t\t<\/div>\n\t\t\t\t<\/div>\n\t\t\t\t\t<\/div>\n\t\t<\/div>\n\t\t\t\t\t<\/div>\n\t\t<\/section>\n\t\t\t\t<\/div>","protected":false},"excerpt":{"rendered":"<p class=\"translation-block\">Lernen Sie die Killerbee FX3 Super Hornet Drohne kennen. Dies ist die perfekte Wahl f\u00fcr Kinder und Erwachsene, die nach einer vielseitigen und benutzerfreundlichen Drohne suchen. Die Drohne verf\u00fcgt \u00fcber eine Doppelkamera, mit der Sie wundersch\u00f6ne Fotos und Videos aus verschiedenen Blickwinkeln aufnehmen k\u00f6nnen. Der optische Flusssensor sorgt f\u00fcr eine deutlich stabilere Flugbahn und erfordert weniger Korrekturen. Dar\u00fcber hinaus ist die Drohne mit einer Hindernisvermeidung ausgestattet, was das Risiko von Kollisionen erheblich reduziert. Mit einer Flugzeit von 11 Minuten pro Batterie wird dieses Ultra Fly More Combo mit 3 Batterien geliefert, was eine Gesamtflugzeit von 33 Minuten erm\u00f6glicht!<\/p>","protected":false},"featured_media":20966,"comment_status":"closed","ping_status":"closed","template":"","meta":[],"product_cat":[74,179],"product_tag":[237,235,236],"class_list":{"0":"post-20455","1":"product","2":"type-product","3":"status-publish","4":"has-post-thumbnail","6":"product_cat-drones","7":"product_cat-fly-more-combo","8":"product_tag-fx-series","9":"product_tag-obstakelontwijking","10":"product_tag-opticalflow","11":"product_shipping_class-pakketpost","13":"first","14":"outofstock","15":"taxable","16":"shipping-taxable","17":"purchasable","18":"product-type-simple"},"jetpack_sharing_enabled":true,"_links":{"self":[{"href":"https:\/\/killerbeerc.com\/de\/wp-json\/wp\/v2\/product\/20455","targetHints":{"allow":["GET"]}}],"collection":[{"href":"https:\/\/killerbeerc.com\/de\/wp-json\/wp\/v2\/product"}],"about":[{"href":"https:\/\/killerbeerc.com\/de\/wp-json\/wp\/v2\/types\/product"}],"replies":[{"embeddable":true,"href":"https:\/\/killerbeerc.com\/de\/wp-json\/wp\/v2\/comments?post=20455"}],"version-history":[{"count":12,"href":"https:\/\/killerbeerc.com\/de\/wp-json\/wp\/v2\/product\/20455\/revisions"}],"predecessor-version":[{"id":22314,"href":"https:\/\/killerbeerc.com\/de\/wp-json\/wp\/v2\/product\/20455\/revisions\/22314"}],"wp:featuredmedia":[{"embeddable":true,"href":"https:\/\/killerbeerc.com\/de\/wp-json\/wp\/v2\/media\/20966"}],"wp:attachment":[{"href":"https:\/\/killerbeerc.com\/de\/wp-json\/wp\/v2\/media?parent=20455"}],"wp:term":[{"taxonomy":"product_cat","embeddable":true,"href":"https:\/\/killerbeerc.com\/de\/wp-json\/wp\/v2\/product_cat?post=20455"},{"taxonomy":"product_tag","embeddable":true,"href":"https:\/\/killerbeerc.com\/de\/wp-json\/wp\/v2\/product_tag?post=20455"}],"curies":[{"name":"wp","href":"https:\/\/api.w.org\/{rel}","templated":true}]}}