{"id":20445,"date":"2023-05-05T21:23:09","date_gmt":"2023-05-05T21:23:09","guid":{"rendered":"https:\/\/www.killerbeerc.com\/?post_type=product&#038;p=20445"},"modified":"2023-06-05T20:27:22","modified_gmt":"2023-06-05T20:27:22","slug":"killerbee-fx2-nighthawk","status":"publish","type":"product","link":"https:\/\/killerbeerc.com\/de\/produkt\/killerbee-fx2-nighthawk\/","title":{"rendered":"Killerbee FX2 Nighthawk"},"content":{"rendered":"<p class=\"translation-block\"><strong>F\u00fcr Kinder und Erwachsene gleicherma\u00dfen<\/strong><br>\nDer FX2 Nighthawk eignet sich hervorragend f\u00fcr Kinder und Erwachsene, um das Fliegen von Drohnen kennenzulernen. Die Drohne ist <strong>sehr einfach<\/strong> zu bedienen. Der optische Flusssensor und die Hindernisvermeidung machen sie zur perfekten Drohne f\u00fcr den Einstieg ins Drohnenfliegen.<\/p>\n<p class=\"translation-block\"><strong>Kein Flugschein erforderlich!<\/strong><br>\nMit einem Gewicht von 124 Gramm ben\u00f6tigt der FX2 Nighthawk keinen Flugschein. Auspacken und sofort in die magische Welt der Killerbee-Drohnen eintauchen!<\/p>\n<p class=\"translation-block\"><strong>Doppelte neigbare Kamera mit Live-Bild auf deinem Telefon!<\/strong><br>\nDer Killerbee FX2 Nighthawk verf\u00fcgt \u00fcber eine doppelte Kamera, eine vorne und eine unten an der Drohne. W\u00e4hrend des Fluges liefert die Drohne ein <strong>Live-Bild<\/strong> auf dein Telefon. W\u00e4hrend des Fluges ist es m\u00f6glich, die Kamera vorne um <strong>90 Grad zu neigen<\/strong> und auf die untere Kamera umzuschalten.<\/p>\n<p class=\"translation-block\"><strong>Hindernisvermeidung<\/strong><br>\nDie Hindernisvermeidungsfunktion sorgt daf\u00fcr, dass die Drohne beim Erkennen eines Hindernisses w\u00e4hrend des Fluges abbremst. Dadurch wird die FX2 <strong>weniger schnell kollidieren<\/strong> und letztendlich Sch\u00e4den an der Drohne verhindern. Die FX2 verf\u00fcgt \u00fcber einen <strong>neuen Chip<\/strong>, mit dem die Hindernisvermeidung deaktiviert werden kann. Dadurch kann die Drohne auch ohne Hindernisvermeidung in engen Innenr\u00e4umen verwendet werden.<\/p>\n<p class=\"translation-block\"><strong>Optical flow sensor<\/strong><br>\nDer FX2 Nighthawk ist mit einem optischen Flusssensor ausgestattet. Dieser optische Flusssensor erfasst die Bewegung der Drohne in Bezug auf den Boden, wodurch die Drohne ihre Position besser halten kann, selbst bei leichtem Wind und anderen St\u00f6rungen. Dies erleichtert es <strong>Anf\u00e4ngern<\/strong>, das Fliegen zu erlernen, da weniger Korrekturen erforderlich sind.<\/p>\n<p><strong><strong>Kostenloser Videokurs<\/strong><\/strong><br \/>\nWir m\u00f6chten, dass du das Beste aus deinem Flugerlebnis herausholst. Deshalb erh\u00e4ltst du beim Kauf einer Killerbee-Drohne einen einzigartigen Gutscheincode f\u00fcr unseren einfachen und praktischen Online-Video-Kurs. In nur 10 Minuten lernst du die Grundlagen der Drohnensteuerung, sodass du sofort mit dem Fliegen beginnen und deine F\u00e4higkeiten schnell verbessern kannst. Auf diese Weise kannst du die faszinierende Welt des Drohnenfliegens entdecken, ohne eine Anleitung lesen zu m\u00fcssen!<\/p>\n<p><strong><strong>Weitere Optionen<\/strong><\/strong><\/p>\n<ul>\n<li>360-Grad-Stunts<\/li>\n<li>Zwei verschiedene Geschwindigkeitsmodi<\/li>\n<\/ul>\n<p>Die Killerbee XF2 Nighthawk  Drohne ist die ideale Wahl f\u00fcr alle, die nach einer erschwinglichen und hochwertigen Drohne mit fortschrittlichen Funktionen und Benutzerfreundlichkeit suchen.<\/p>","protected":false},"excerpt":{"rendered":"<p class=\"translation-block\">Stellen Sie sich den Killerbee FX2 Nighthawk Drohne vor. Dies ist die perfekte Wahl f\u00fcr Kinder und Erwachsene, die nach einer vielseitigen und benutzerfreundlichen Drohne suchen. Die Drohne verf\u00fcgt \u00fcber eine Dual-Kamera, mit der Sie atemberaubende Fotos und Videos aus verschiedenen Blickwinkeln aufnehmen k\u00f6nnen. Die Frontkamera der Drohne hat eine Kardanwelle, die sich ferngesteuert um 90 Grad neigen l\u00e4sst. Der optische Flusssensor sorgt f\u00fcr einen viel stabileren Flug mit weniger Korrekturen. Zus\u00e4tzlich verf\u00fcgt die Drohne \u00fcber eine Hindernisvermeidung, wodurch die Kollisionsgefahr reduziert wird. Die Drohne hat eine Flugzeit von 11 Minuten. Sie ist in verschiedenen Batterieoptionen erh\u00e4ltlich. Diese Variante wird standardm\u00e4\u00dfig mit 2 Batterien geliefert, anstatt mit 1, was eine Gesamtflugzeit von 22 Minuten erm\u00f6glicht!<\/p>","protected":false},"featured_media":20726,"comment_status":"closed","ping_status":"closed","template":"","meta":[],"product_cat":[74,178],"product_tag":[237,235,236],"class_list":{"0":"post-20445","1":"product","2":"type-product","3":"status-publish","4":"has-post-thumbnail","6":"product_cat-drones","7":"product_cat-drones-single","8":"product_tag-fx-series","9":"product_tag-obstakelontwijking","10":"product_tag-opticalflow","11":"product_shipping_class-pakketpost","13":"first","14":"instock","15":"taxable","16":"shipping-taxable","17":"purchasable","18":"product-type-simple"},"jetpack_sharing_enabled":true,"_links":{"self":[{"href":"https:\/\/killerbeerc.com\/de\/wp-json\/wp\/v2\/product\/20445","targetHints":{"allow":["GET"]}}],"collection":[{"href":"https:\/\/killerbeerc.com\/de\/wp-json\/wp\/v2\/product"}],"about":[{"href":"https:\/\/killerbeerc.com\/de\/wp-json\/wp\/v2\/types\/product"}],"replies":[{"embeddable":true,"href":"https:\/\/killerbeerc.com\/de\/wp-json\/wp\/v2\/comments?post=20445"}],"version-history":[{"count":5,"href":"https:\/\/killerbeerc.com\/de\/wp-json\/wp\/v2\/product\/20445\/revisions"}],"predecessor-version":[{"id":20834,"href":"https:\/\/killerbeerc.com\/de\/wp-json\/wp\/v2\/product\/20445\/revisions\/20834"}],"wp:featuredmedia":[{"embeddable":true,"href":"https:\/\/killerbeerc.com\/de\/wp-json\/wp\/v2\/media\/20726"}],"wp:attachment":[{"href":"https:\/\/killerbeerc.com\/de\/wp-json\/wp\/v2\/media?parent=20445"}],"wp:term":[{"taxonomy":"product_cat","embeddable":true,"href":"https:\/\/killerbeerc.com\/de\/wp-json\/wp\/v2\/product_cat?post=20445"},{"taxonomy":"product_tag","embeddable":true,"href":"https:\/\/killerbeerc.com\/de\/wp-json\/wp\/v2\/product_tag?post=20445"}],"curies":[{"name":"wp","href":"https:\/\/api.w.org\/{rel}","templated":true}]}}