{"id":20433,"date":"2023-05-05T21:04:56","date_gmt":"2023-05-05T21:04:56","guid":{"rendered":"https:\/\/www.killerbeerc.com\/?post_type=product&#038;p=20433"},"modified":"2023-06-05T20:28:02","modified_gmt":"2023-06-05T20:28:02","slug":"killerbee-fx1-maverick-fly-more-combo","status":"publish","type":"product","link":"https:\/\/killerbeerc.com\/de\/produkt\/killerbee-fx1-maverick-fly-more-combo\/","title":{"rendered":"Killerbee FX1 Maverick Fly More Combo"},"content":{"rendered":"<div data-elementor-type=\"product-post\" data-elementor-id=\"20433\" class=\"elementor elementor-20433\" data-elementor-post-type=\"product\">\n\t\t\t\t\t\t<section class=\"elementor-section elementor-top-section elementor-element elementor-element-2e13bf26 elementor-section-boxed elementor-section-height-default elementor-section-height-default sc_fly_static\" data-id=\"2e13bf26\" data-element_type=\"section\">\n\t\t\t\t\t\t<div class=\"elementor-container elementor-column-gap-extended\">\n\t\t\t\t\t<div class=\"elementor-column elementor-col-100 elementor-top-column elementor-element elementor-element-57d403b3 sc_content_align_inherit sc_layouts_column_icons_position_left sc_fly_static\" data-id=\"57d403b3\" data-element_type=\"column\">\n\t\t\t<div class=\"elementor-widget-wrap elementor-element-populated\">\n\t\t\t\t\t\t<div class=\"elementor-element elementor-element-5e1820e6 sc_fly_static elementor-widget elementor-widget-text-editor\" data-id=\"5e1820e6\" data-element_type=\"widget\" data-widget_type=\"text-editor.default\">\n\t\t\t\t<div class=\"elementor-widget-container\">\n\t\t\t\t\t\t\t\t\t<p class=\"translation-block\"><strong>F\u00fcr Kinder und Erwachsene gleicherma\u00dfen geeignet<\/strong><br>Der FX1 Maverick eignet sich hervorragend f\u00fcr Kinder und Erwachsene, um sich mit dem Fliegen von Drohnen vertraut zu machen. Die Drohne ist <strong>extrem einfach<\/strong> zu bedienen. Der optische Flusssensor und die Hindernisvermeidung machen sie zur perfekten Drohne, um mit dem Fliegen von Drohnen zu beginnen.<\/p><p class=\"translation-block\"><strong>Kein Flugzeugf\u00fchrerschein erforderlich!<\/strong><br>Mit einem Gewicht von 116 Gramm ist f\u00fcr den FX1 Maverick kein Flugzeugf\u00fchrerschein erforderlich. Einfach auspacken und sofort die magische Welt der Killerbee-Drohnen erleben!<\/p><p class=\"translation-block\"><strong>Doppelte neigbare Kamera mit Live-\u00dcbertragung auf dein Telefon!<\/strong><br>Der Killerbee FX1 Maverick verf\u00fcgt \u00fcber eine doppelte Kamera, eine an der Vorderseite und eine an der Unterseite der Drohne. W\u00e4hrend des Fluges \u00fcbertr\u00e4gt die Drohne <strong>Live-Bilder<\/strong> auf dein Telefon. W\u00e4hrend des Fluges ist es m\u00f6glich, die Kamera an der Vorderseite <strong>um 90 Grad zu neigen<\/strong> und zur Kamera an der Unterseite zu wechseln.<\/p><p class=\"translation-block\"><strong>Hindernisvermeidung<\/strong><br>Die Hindernisvermeidungsfunktion sorgt daf\u00fcr, dass die Drohne w\u00e4hrend des Fluges abbremst, wenn ein Hindernis erkannt wird. Dadurch verringert sich die Wahrscheinlichkeit, dass der FX1 <strong>kollidiert<\/strong> und verhindert Sch\u00e4den an der Drohne. Der FX1 ist mit einem <strong>neuen Chip<\/strong> ausgestattet, mit dem die Hindernisvermeidung deaktiviert werden kann. Dadurch kann die Drohne auch in engen Innenr\u00e4umen ohne Hindernisvermeidung verwendet werden.<\/p><p class=\"translation-block\"><strong>Optischer Flusssensor<\/strong><br>Der FX1 Maverick ist mit einem optischen Flusssensor ausgestattet. Dieser optische Flusssensor erfasst die Bewegung der Drohne relativ zum Boden und tr\u00e4gt dazu bei, dass die Drohne besser in Position bleibt. Selbst bei leichtem Wind und anderen St\u00f6rungen sorgt der optische Flusssensor f\u00fcr eine bessere Stabilit\u00e4t. Dies erleichtert es <strong>Anf\u00e4ngern<\/strong>, das Fliegen zu erlernen, da weniger Korrekturen erforderlich sind.<\/p><p><strong><strong>Kostenloser Videokurs<\/strong><br \/><\/strong>Wir m\u00f6chten, dass du das Beste aus deinem Flugerlebnis herausholst. Deshalb erh\u00e4ltst du beim Kauf einer Killerbee-Drohne einen einzigartigen Gutscheincode f\u00fcr unseren einfachen und praktischen Online-Video-Kurs. In nur 10 Minuten lernst du die Grundlagen der Drohnensteuerung, sodass du sofort mit dem Fliegen beginnen und deine F\u00e4higkeiten schnell verbessern kannst. Auf diese Weise kannst du die faszinierende Welt des Drohnenfliegens entdecken, ohne eine Anleitung lesen zu m\u00fcssen!<\/p><p class=\"translation-block\"><strong>Weitere Optionen<br><\/strong><span style=\"font-size: 1em;letter-spacing: 0px\">360-Grad-Stunts<br><\/span><span style=\"font-size: 1em;letter-spacing: 0px\">Zwei verschiedene Geschwindigkeitsmodi<br><\/span><\/p><p><span style=\"font-size: 1em; letter-spacing: 0px;\"><br \/><\/span>Die Killerbee XF1 Maverick Drohne ist die ideale Wahl f\u00fcr alle, die nach einer erschwinglichen und hochwertigen Drohne mit fortschrittlichen Funktionen und Benutzerfreundlichkeit suchen.<\/p>\t\t\t\t\t\t\t\t<\/div>\n\t\t\t\t<\/div>\n\t\t\t\t\t<\/div>\n\t\t<\/div>\n\t\t\t\t\t<\/div>\n\t\t<\/section>\n\t\t\t\t<\/div>","protected":false},"excerpt":{"rendered":"<p class=\"translation-block\">Lernen Sie die Killerbee FX1 Maverick Drohne kennen. Dies ist die perfekte Wahl f\u00fcr sowohl <strong>Kinder<\/strong> als auch <strong>Erwachsene<\/strong>, die nach einer vielseitigen und <strong>benutzerfreundlichen<\/strong> Drohne suchen. Die Drohne verf\u00fcgt \u00fcber eine <strong>doppelte Kamera<\/strong>, mit der Sie aus verschiedenen Blickwinkeln wundersch\u00f6ne Fotos und Videos aufnehmen k\u00f6nnen. Die Frontkamera der Drohne hat einen <strong>Gimbal<\/strong>, der aus der Ferne um <strong>90 Grad<\/strong> gekippt werden kann. Der <strong>optische Flusssensor<\/strong> sorgt f\u00fcr einen deutlich stabileren Flug und erfordert weniger Korrekturen. Dar\u00fcber hinaus verf\u00fcgt die Drohne \u00fcber eine <strong>Hindernisvermeidung<\/strong>, wodurch die Kollisionsgefahr erheblich reduziert wird. Die Drohne hat eine Flugzeit von 11 Minuten pro Batterie, und dieses Ultra Fly More Combo wird mit <strong>3 Batterien<\/strong> geliefert. Die Gesamtflugzeit betr\u00e4gt daher <strong>33 Minuten!<\/strong><\/p>","protected":false},"featured_media":20965,"comment_status":"closed","ping_status":"closed","template":"","meta":[],"product_cat":[74,179],"product_tag":[237,235,236],"class_list":{"0":"post-20433","1":"product","2":"type-product","3":"status-publish","4":"has-post-thumbnail","6":"product_cat-drones","7":"product_cat-fly-more-combo","8":"product_tag-fx-series","9":"product_tag-obstakelontwijking","10":"product_tag-opticalflow","11":"product_shipping_class-pakketpost","13":"first","14":"instock","15":"taxable","16":"shipping-taxable","17":"purchasable","18":"product-type-simple"},"jetpack_sharing_enabled":true,"_links":{"self":[{"href":"https:\/\/killerbeerc.com\/de\/wp-json\/wp\/v2\/product\/20433","targetHints":{"allow":["GET"]}}],"collection":[{"href":"https:\/\/killerbeerc.com\/de\/wp-json\/wp\/v2\/product"}],"about":[{"href":"https:\/\/killerbeerc.com\/de\/wp-json\/wp\/v2\/types\/product"}],"replies":[{"embeddable":true,"href":"https:\/\/killerbeerc.com\/de\/wp-json\/wp\/v2\/comments?post=20433"}],"version-history":[{"count":7,"href":"https:\/\/killerbeerc.com\/de\/wp-json\/wp\/v2\/product\/20433\/revisions"}],"predecessor-version":[{"id":21016,"href":"https:\/\/killerbeerc.com\/de\/wp-json\/wp\/v2\/product\/20433\/revisions\/21016"}],"wp:featuredmedia":[{"embeddable":true,"href":"https:\/\/killerbeerc.com\/de\/wp-json\/wp\/v2\/media\/20965"}],"wp:attachment":[{"href":"https:\/\/killerbeerc.com\/de\/wp-json\/wp\/v2\/media?parent=20433"}],"wp:term":[{"taxonomy":"product_cat","embeddable":true,"href":"https:\/\/killerbeerc.com\/de\/wp-json\/wp\/v2\/product_cat?post=20433"},{"taxonomy":"product_tag","embeddable":true,"href":"https:\/\/killerbeerc.com\/de\/wp-json\/wp\/v2\/product_tag?post=20433"}],"curies":[{"name":"wp","href":"https:\/\/api.w.org\/{rel}","templated":true}]}}